{"id":28340,"date":"2022-01-18T15:12:40","date_gmt":"2022-01-18T14:12:40","guid":{"rendered":"https:\/\/aquajet.se\/aquajet-academy\/"},"modified":"2023-05-30T08:55:11","modified_gmt":"2023-05-30T06:55:11","slug":"aquajet-academy","status":"publish","type":"page","link":"https:\/\/aquajet.se\/de\/aquajet-academy\/","title":{"rendered":"Aquajet Academy"},"content":{"rendered":"\n<div class=\"wp-block-columns is-layout-flex wp-container-core-columns-is-layout-9d6595d7 wp-block-columns-is-layout-flex\">\n<div class=\"wp-block-column is-layout-flow wp-block-column-is-layout-flow\">\n<h3 class=\"wp-block-heading\">Aquajet Academy<\/h3>\n\n\n\n<h1 class=\"wp-block-heading\"><strong>Lernen und die Welt erobern<\/strong><\/h1>\n\n\n\n<p class=\"has-medium-font-size\"><br><br>Sicherheit ist eine unserer obersten Priorit\u00e4ten. Alle unsere Produkte sind so konzipiert, dass sie den neuesten Sicherheitsvorschriften auf dem Markt entsprechen und diese mehr als erf\u00fcllen. Dar\u00fcber hinaus ist die Weitergabe des Sicherheitsgedankens an unsere Kunden und an die Baustellen ein Schl\u00fcsselfaktor f\u00fcr einen sicheren Arbeitsplatz. Deshalb haben wir die Aquajet Academy und die \u201eSechs Schritte der Ausbildung\u201c ins Leben gerufen.<br>Unsere <a href=\"https:\/\/aquajet.se\/product-category\/hydrodemolition-robots\/\" target=\"_blank\" rel=\"noreferrer noopener\">Aqua Cutter Roboter<\/a> sind hochmoderne Ger\u00e4te. Um deren volles Potenzial auszusch\u00f6pfen, bietet Aquajet ein umfangreiches Schulungsprogramm f\u00fcr Bediener an. Durch die Teilnahme an dieser Schulung werden Sie in der Lage sein, die anspruchsvollsten Aufgaben mit Ihrem Aqua Cutter zu bew\u00e4ltigen und dabei vor allem sicher zu sein.<\/p>\n<\/div>\n<\/div>\n\n\n\n<hr class=\"wp-block-separator has-text-color has-black-color has-css-opacity has-black-background-color has-background is-style-wide\"\/>\n\n\n<div id=\"textcolumn-block_fa3f413b4fac36bfea78a1e1d76b868f\" class=\"textcolumn\">\n    <div class=\"max_width_content\">\n        <div class=\"textcolumn-textcolumns\" data-aos=\"fade\" data-aos-duration=\"1800\">\n            <div class=\"textcolumn-header\"><h2>Das ist die Aquajet Academy<\/h2>\n<\/div>\n            <div class=\"textcolumn-textarea\">\n                <p>Zus\u00e4tzlich zu den Produktkursen, die beim Kauf unserer Ger\u00e4te angeboten werden, wollten wir unseren Kunden ein umfassenderes Schulungsprogramm anbieten, das wirklich alle Aspekte abdeckt. Aus diesem Grund wurde die Aquajet Academy gegr\u00fcndet, und die sechs Schritte der Ausbildung ins Leben gerufen. Damit k\u00f6nnen wir unseren Kunden und H\u00e4ndlern ein umfassenderes Angebot an Kursen bieten. Das von uns angebotene Kursprogramm besteht aus sechs separaten Teilen: Produkte, <a href=\"https:\/\/aquajet.se\/de\/product-category\/hydrodemolition-robots-de\/\">Hochdruckwasserstrahltechnik<\/a>, Arbeitsoptimierung, Sicherheit und Technik, Service, Schulung des Ausbilders.<br \/>\nDiese verschiedenen Teilbereiche umfassen Schulungen zur Handhabung und Wartung unserer Ger\u00e4te, zur Effizienz bei der Hochdruckwasserstrahltechnik, zur Sicherheit am Arbeitsplatz, zum Hochdruck und zur Sicherheit, um die Vorschriften und Gesetze zu verstehen, die den Einsatz von Hochdruckger\u00e4ten regeln. Wir vermitteln unseren Kunden auch die Grundlagen von <a href=\"https:\/\/aquajet.se\/de\/product-category\/hydrodemolition-pumps-de\/\">Hochdruckpumpen<\/a>, Schl\u00e4uchen und Werkzeugen und zeigen ihnen, wie man den Druckverlust in Schl\u00e4uchen und die richtige D\u00fcsengr\u00f6\u00dfe berechnet. Alle Schulungen werden an den Kenntnis- und Erfahrungsstand des Kunden sowie an die Art der verwendeten Ausr\u00fcstung angepasst. Jeder Teilnehmer, der eine Schulung absolviert hat, erh\u00e4lt ein entsprechendes Zertifikat.<\/p>\n            <\/div>\n        <\/div>\n    <\/div>\n<\/div>\n\n<div id=\"fullwidthimage-block_1ec2211b2990c42588d1cb4f5ae29df4\" class=\"fullwidthimage\">\n            <div class=\"media_container max_height_image\">\n                                    <img decoding=\"async\" src=\"https:\/\/aquajet.se\/bed\/uploads\/2022\/01\/aquajet-academy_education_safety-2.jpg\" srcset=\"https:\/\/aquajet.se\/bed\/uploads\/2022\/01\/aquajet-academy_education_safety-2-300x163.jpg 300w, https:\/\/aquajet.se\/bed\/uploads\/2022\/01\/aquajet-academy_education_safety-2-1024x557.jpg 1024w, https:\/\/aquajet.se\/bed\/uploads\/2022\/01\/aquajet-academy_education_safety-2-768x417.jpg 768w, https:\/\/aquajet.se\/bed\/uploads\/2022\/01\/aquajet-academy_education_safety-2-1536x835.jpg 1536w, https:\/\/aquajet.se\/bed\/uploads\/2022\/01\/aquajet-academy_education_safety-2-660x359.jpg 660w, https:\/\/aquajet.se\/bed\/uploads\/2022\/01\/aquajet-academy_education_safety-2.jpg 2000w\" alt=\"\" \/>\n            \n            <\/div>\n        <\/div>\n\n\n<div class=\"wp-block-columns is-layout-flex wp-container-core-columns-is-layout-9d6595d7 wp-block-columns-is-layout-flex\">\n<div class=\"wp-block-column is-layout-flow wp-block-column-is-layout-flow\">\n<h3 class=\"wp-block-heading\"><strong>1<\/strong>. PRODUKTE &#8211; 2 TAGE<\/h3>\n\n\n\n<p>W\u00e4hrend dieses Kurses lernen Sie Ihre Maschine in- und auswendig kennen. Einer der Schulungsleiter von Aquajet wird Sie durch die Komponenten, Einstellungen und das Programm der Maschine f\u00fchren. Diese Schulung ist in zwei Teile gegliedert: einen praktischen und einen theoretischen. Im praktischen Teil lernen Sie, das Ger\u00e4t zu bedienen und einzurichten. Im theoretischen Teil sehen Sie sich unseren Anleitungsfilm an und besch\u00e4ftigen sich mit dem Handbuch. Beide Teile sind wichtig, damit Sie die M\u00f6glichkeiten des Produkts voll aussch\u00f6pfen k\u00f6nnen. Die Schulung wird mit einem kleinen Test abgeschlossen, um sicherzustellen, dass der Bediener alle Informationen vollst\u00e4ndig verstanden hat.<\/p>\n\n\n\n<h3 class=\"wp-block-heading\"><strong>2<\/strong>. HOCHDRUCKWASSERSTRAHLTECHNIK &#8211; 2 TAGE<\/h3>\n\n\n\n<p>In dieser Schulung konzentrieren wir uns auf die Betonabtragung durch Hochdruckwasserstrahltechnik, mit hoher Pr\u00e4zision und so effizient wie m\u00f6glich. Sie werden in die Einstellungen des Programms und des Roboters eingewiesen und lernen, wie die verschiedenen Funktionen Ihnen helfen k\u00f6nnen. Au\u00dferdem sehen Sie sich die Baustelle an und erfahren, wie Sie sie zu einem sicheren und effektiven Arbeitsplatz machen k\u00f6nnen.<\/p>\n\n\n\n<h3 class=\"wp-block-heading\"><strong>3<\/strong>. ARBEITSOPTIMIERUNG &#8211; 2 TAGE<\/h3>\n\n\n\n<p>Diese Schulung wird an Ihre speziellen Bed\u00fcrfnisse angepasst. Wir kommen zu Ihnen an den Arbeitsplatz und helfen Ihnen, auf sichere Weise effizient zu arbeiten und damit auch den Verschlei\u00df Ihrer Ausr\u00fcstung zu minimieren.<\/p>\n<\/div>\n\n\n\n<div class=\"wp-block-column is-layout-flow wp-block-column-is-layout-flow\">\n<h3 class=\"wp-block-heading\"><strong>4<\/strong>. SICHERHEIT UND TECHNIK &#8211; 1 TAG<\/h3>\n\n\n\n<p>Dies ist vielleicht der wichtigste Teil des Schulungsprogramms. Bei der Hochdruckwasserstrahltechnik tritt Wasser unter hohem Druck und mit \u00dcberschallgeschwindigkeit aus der D\u00fcse aus. Daher ist es wichtig, dass sich der Bediener bei der Arbeit mit Hochdruckwasserstrahltechnik der Kraft und der Risiken rund um die Baustelle bewusst ist. In diesem Kurs lernen Sie, wie Sie Druck und Durchfluss berechnen, die Reaktionskraft ber\u00fccksichtigen und verschiedene Techniken anwenden, um die Arbeit sicher und effizient zu erledigen.<\/p>\n\n\n\n<h3 class=\"wp-block-heading\"><strong>5<\/strong>. SERVICE &#8211; 1 TAG<\/h3>\n\n\n\n<p>Dies ist der Schulungskurs f\u00fcr den Mechaniker, der den Aqua Cutter Roboter betreut. Der Kursleiter von Aquajet f\u00fchrt Sie durch die Komponenten des Ger\u00e4tes und zeigt Ihnen, wie Sie alle Teile warten und einstellen, damit Ihr Aqua Cutter lange Zeit Spitzenleistungen erbringt.<\/p>\n\n\n\n<h3 class=\"wp-block-heading\"><strong>6<\/strong>. SCHULUNG DES AUSBILDERS \u2013 3 TAGE<\/h3>\n\n\n\n<p>Dies ist der Kurs f\u00fcr diejenigen, die bereits Partner\/Vertriebspartner von Aquajet sind. Sie durchlaufen zun\u00e4chst das entsprechende Schulungsprogramm und f\u00fchren dann zusammen mit einem der Schulungsleiter von Aquajet eine Schulung f\u00fcr einen Bediener durch. Am Ende werden Sie als Aquajet-Ausbilder zertifiziert und k\u00f6nnen selbst Kurse abhalten.<\/p>\n<\/div>\n<\/div>\n\n\n\n<div style=\"height:10px\" aria-hidden=\"true\" class=\"wp-block-spacer\"><\/div>\n\n\n<div id=\"fullwidthimage-block_5f4bdcea45c910a9b2462bdc96e36bcc\" class=\"fullwidthimage\">\n                <div class=\"media_container\">\n                                        <img decoding=\"async\" src=\"https:\/\/aquajet.se\/bed\/uploads\/2022\/05\/aquajet-academy-3.jpg\" srcset=\"https:\/\/aquajet.se\/bed\/uploads\/2022\/05\/aquajet-academy-3-300x131.jpg 300w, https:\/\/aquajet.se\/bed\/uploads\/2022\/05\/aquajet-academy-3-1024x448.jpg 1024w, https:\/\/aquajet.se\/bed\/uploads\/2022\/05\/aquajet-academy-3-768x336.jpg 768w, https:\/\/aquajet.se\/bed\/uploads\/2022\/05\/aquajet-academy-3-660x289.jpg 660w, https:\/\/aquajet.se\/bed\/uploads\/2022\/05\/aquajet-academy-3.jpg 1500w\" alt=\"\" \/>\n            \n            <\/div>\n        <\/div>\n\n\n<hr class=\"wp-block-separator has-text-color has-black-color has-css-opacity has-black-background-color has-background is-style-wide\"\/>\n\n\n\n<h3 class=\"wp-block-heading\">Buchen Sie Ihre Schulung<\/h3>\n\n\n\n<p>M\u00f6chten Sie sich neue F\u00e4higkeiten aneignen? Buchen Sie jetzt Ihre Schulung. F\u00fcr Buchungen und weitere Informationen wenden Sie sich bitte an Ihren Aquajet-H\u00e4ndler in Ihrem Land oder an Dennis Hilmersson in der Aquajet-Zentrale.<\/p>\n\n\n\n<p>Dennis Hilmersson<br>Chief Training Officer<br>+46 70 350 47 57<br><a href=\"mailto:dennis.hilmersson@aquajet.se\">dennis.hilmersson@aquajet.se<\/a><\/p>\n","protected":false},"excerpt":{"rendered":"<p>Aquajet Academy Lernen und die Welt erobern Sicherheit ist eine unserer obersten Priorit\u00e4ten. Alle unsere Produkte sind so konzipiert, dass sie den neuesten Sicherheitsvorschriften auf dem Markt entsprechen und diese mehr als erf\u00fcllen. Dar\u00fcber hinaus ist die Weitergabe des Sicherheitsgedankens an unsere Kunden und an die Baustellen ein Schl\u00fcsselfaktor f\u00fcr einen sicheren Arbeitsplatz. Deshalb haben [&hellip;]<\/p>\n","protected":false},"author":4,"featured_media":0,"parent":0,"menu_order":35,"comment_status":"closed","ping_status":"closed","template":"","meta":{"_acf_changed":false,"inline_featured_image":false,"footnotes":""},"class_list":["post-28340","page","type-page","status-publish","hentry"],"acf":[],"yoast_head":"<!-- This site is optimized with the Yoast SEO Premium plugin v26.2 (Yoast SEO v27.3) - https:\/\/yoast.com\/product\/yoast-seo-premium-wordpress\/ -->\n<title>Aquajet Academy - Aquajet<\/title>\n<meta name=\"robots\" content=\"index, follow, max-snippet:-1, max-image-preview:large, max-video-preview:-1\" \/>\n<link rel=\"canonical\" href=\"https:\/\/aquajet.se\/de\/aquajet-academy\/\" \/>\n<meta property=\"og:locale\" content=\"de_DE\" \/>\n<meta property=\"og:type\" content=\"article\" \/>\n<meta property=\"og:title\" content=\"Aquajet Academy\" \/>\n<meta property=\"og:description\" content=\"Aquajet Academy Lernen und die Welt erobern Sicherheit ist eine unserer obersten Priorit\u00e4ten. Alle unsere Produkte sind so konzipiert, dass sie den neuesten Sicherheitsvorschriften auf dem Markt entsprechen und diese mehr als erf\u00fcllen. Dar\u00fcber hinaus ist die Weitergabe des Sicherheitsgedankens an unsere Kunden und an die Baustellen ein Schl\u00fcsselfaktor f\u00fcr einen sicheren Arbeitsplatz. Deshalb haben [&hellip;]\" \/>\n<meta property=\"og:url\" content=\"https:\/\/aquajet.se\/de\/aquajet-academy\/\" \/>\n<meta property=\"og:site_name\" content=\"Aquajet\" \/>\n<meta property=\"article:modified_time\" content=\"2023-05-30T06:55:11+00:00\" \/>\n<meta name=\"twitter:card\" content=\"summary_large_image\" \/>\n<meta name=\"twitter:label1\" content=\"Est. reading time\" \/>\n\t<meta name=\"twitter:data1\" content=\"3 minutes\" \/>\n<script type=\"application\/ld+json\" class=\"yoast-schema-graph\">{\"@context\":\"https:\\\/\\\/schema.org\",\"@graph\":[{\"@type\":\"WebPage\",\"@id\":\"https:\\\/\\\/aquajet.se\\\/de\\\/aquajet-academy\\\/\",\"url\":\"https:\\\/\\\/aquajet.se\\\/de\\\/aquajet-academy\\\/\",\"name\":\"Aquajet Academy - Aquajet\",\"isPartOf\":{\"@id\":\"https:\\\/\\\/aquajet.se\\\/de\\\/#website\"},\"datePublished\":\"2022-01-18T14:12:40+00:00\",\"dateModified\":\"2023-05-30T06:55:11+00:00\",\"breadcrumb\":{\"@id\":\"https:\\\/\\\/aquajet.se\\\/de\\\/aquajet-academy\\\/#breadcrumb\"},\"inLanguage\":\"de-DE\",\"potentialAction\":[{\"@type\":\"ReadAction\",\"target\":[\"https:\\\/\\\/aquajet.se\\\/de\\\/aquajet-academy\\\/\"]}]},{\"@type\":\"BreadcrumbList\",\"@id\":\"https:\\\/\\\/aquajet.se\\\/de\\\/aquajet-academy\\\/#breadcrumb\",\"itemListElement\":[{\"@type\":\"ListItem\",\"position\":1,\"name\":\"Hem\",\"item\":\"https:\\\/\\\/aquajet.se\\\/de\\\/\"},{\"@type\":\"ListItem\",\"position\":2,\"name\":\"Aquajet Academy\"}]},{\"@type\":\"WebSite\",\"@id\":\"https:\\\/\\\/aquajet.se\\\/de\\\/#website\",\"url\":\"https:\\\/\\\/aquajet.se\\\/de\\\/\",\"name\":\"Aquajet\",\"description\":\"Proven Hydrodemolition Equipment\",\"publisher\":{\"@id\":\"https:\\\/\\\/aquajet.se\\\/de\\\/#organization\"},\"potentialAction\":[{\"@type\":\"SearchAction\",\"target\":{\"@type\":\"EntryPoint\",\"urlTemplate\":\"https:\\\/\\\/aquajet.se\\\/de\\\/?s={search_term_string}\"},\"query-input\":{\"@type\":\"PropertyValueSpecification\",\"valueRequired\":true,\"valueName\":\"search_term_string\"}}],\"inLanguage\":\"de-DE\"},{\"@type\":\"Organization\",\"@id\":\"https:\\\/\\\/aquajet.se\\\/de\\\/#organization\",\"name\":\"Aquajet\",\"url\":\"https:\\\/\\\/aquajet.se\\\/de\\\/\",\"logo\":{\"@type\":\"ImageObject\",\"inLanguage\":\"de-DE\",\"@id\":\"https:\\\/\\\/aquajet.se\\\/de\\\/#\\\/schema\\\/logo\\\/image\\\/\",\"url\":\"https:\\\/\\\/aquajet.se\\\/bed\\\/uploads\\\/2021\\\/11\\\/aquajet_logo-5.png\",\"contentUrl\":\"https:\\\/\\\/aquajet.se\\\/bed\\\/uploads\\\/2021\\\/11\\\/aquajet_logo-5.png\",\"width\":262,\"height\":35,\"caption\":\"Aquajet\"},\"image\":{\"@id\":\"https:\\\/\\\/aquajet.se\\\/de\\\/#\\\/schema\\\/logo\\\/image\\\/\"}}]}<\/script>\n<!-- \/ Yoast SEO Premium plugin. -->","yoast_head_json":{"title":"Aquajet Academy - Aquajet","robots":{"index":"index","follow":"follow","max-snippet":"max-snippet:-1","max-image-preview":"max-image-preview:large","max-video-preview":"max-video-preview:-1"},"canonical":"https:\/\/aquajet.se\/de\/aquajet-academy\/","og_locale":"de_DE","og_type":"article","og_title":"Aquajet Academy","og_description":"Aquajet Academy Lernen und die Welt erobern Sicherheit ist eine unserer obersten Priorit\u00e4ten. Alle unsere Produkte sind so konzipiert, dass sie den neuesten Sicherheitsvorschriften auf dem Markt entsprechen und diese mehr als erf\u00fcllen. Dar\u00fcber hinaus ist die Weitergabe des Sicherheitsgedankens an unsere Kunden und an die Baustellen ein Schl\u00fcsselfaktor f\u00fcr einen sicheren Arbeitsplatz. Deshalb haben [&hellip;]","og_url":"https:\/\/aquajet.se\/de\/aquajet-academy\/","og_site_name":"Aquajet","article_modified_time":"2023-05-30T06:55:11+00:00","twitter_card":"summary_large_image","twitter_misc":{"Est. reading time":"3 minutes"},"schema":{"@context":"https:\/\/schema.org","@graph":[{"@type":"WebPage","@id":"https:\/\/aquajet.se\/de\/aquajet-academy\/","url":"https:\/\/aquajet.se\/de\/aquajet-academy\/","name":"Aquajet Academy - Aquajet","isPartOf":{"@id":"https:\/\/aquajet.se\/de\/#website"},"datePublished":"2022-01-18T14:12:40+00:00","dateModified":"2023-05-30T06:55:11+00:00","breadcrumb":{"@id":"https:\/\/aquajet.se\/de\/aquajet-academy\/#breadcrumb"},"inLanguage":"de-DE","potentialAction":[{"@type":"ReadAction","target":["https:\/\/aquajet.se\/de\/aquajet-academy\/"]}]},{"@type":"BreadcrumbList","@id":"https:\/\/aquajet.se\/de\/aquajet-academy\/#breadcrumb","itemListElement":[{"@type":"ListItem","position":1,"name":"Hem","item":"https:\/\/aquajet.se\/de\/"},{"@type":"ListItem","position":2,"name":"Aquajet Academy"}]},{"@type":"WebSite","@id":"https:\/\/aquajet.se\/de\/#website","url":"https:\/\/aquajet.se\/de\/","name":"Aquajet","description":"Proven Hydrodemolition Equipment","publisher":{"@id":"https:\/\/aquajet.se\/de\/#organization"},"potentialAction":[{"@type":"SearchAction","target":{"@type":"EntryPoint","urlTemplate":"https:\/\/aquajet.se\/de\/?s={search_term_string}"},"query-input":{"@type":"PropertyValueSpecification","valueRequired":true,"valueName":"search_term_string"}}],"inLanguage":"de-DE"},{"@type":"Organization","@id":"https:\/\/aquajet.se\/de\/#organization","name":"Aquajet","url":"https:\/\/aquajet.se\/de\/","logo":{"@type":"ImageObject","inLanguage":"de-DE","@id":"https:\/\/aquajet.se\/de\/#\/schema\/logo\/image\/","url":"https:\/\/aquajet.se\/bed\/uploads\/2021\/11\/aquajet_logo-5.png","contentUrl":"https:\/\/aquajet.se\/bed\/uploads\/2021\/11\/aquajet_logo-5.png","width":262,"height":35,"caption":"Aquajet"},"image":{"@id":"https:\/\/aquajet.se\/de\/#\/schema\/logo\/image\/"}}]}},"_links":{"self":[{"href":"https:\/\/aquajet.se\/de\/wp-json\/wp\/v2\/pages\/28340","targetHints":{"allow":["GET"]}}],"collection":[{"href":"https:\/\/aquajet.se\/de\/wp-json\/wp\/v2\/pages"}],"about":[{"href":"https:\/\/aquajet.se\/de\/wp-json\/wp\/v2\/types\/page"}],"author":[{"embeddable":true,"href":"https:\/\/aquajet.se\/de\/wp-json\/wp\/v2\/users\/4"}],"replies":[{"embeddable":true,"href":"https:\/\/aquajet.se\/de\/wp-json\/wp\/v2\/comments?post=28340"}],"version-history":[{"count":2,"href":"https:\/\/aquajet.se\/de\/wp-json\/wp\/v2\/pages\/28340\/revisions"}],"predecessor-version":[{"id":28802,"href":"https:\/\/aquajet.se\/de\/wp-json\/wp\/v2\/pages\/28340\/revisions\/28802"}],"wp:attachment":[{"href":"https:\/\/aquajet.se\/de\/wp-json\/wp\/v2\/media?parent=28340"}],"curies":[{"name":"wp","href":"https:\/\/api.w.org\/{rel}","templated":true}]}}