{"id":28344,"date":"2021-11-25T08:58:33","date_gmt":"2021-11-25T07:58:33","guid":{"rendered":"https:\/\/aquajet.se\/products\/"},"modified":"2023-05-30T09:15:40","modified_gmt":"2023-05-30T07:15:40","slug":"products","status":"publish","type":"page","link":"https:\/\/aquajet.se\/de\/products\/","title":{"rendered":"Produkte"},"content":{"rendered":"<div id=\"hero-block_778bbf0442e1a583441ead32e7afe5d0\" class=\"hero\">\n    <div class=\"media_container\">\n                        <img decoding=\"async\" src=\"https:\/\/aquajet.se\/bed\/uploads\/2022\/05\/Aquajet-products-complete.jpg\" srcset=\"https:\/\/aquajet.se\/bed\/uploads\/2022\/05\/Aquajet-products-complete-300x94.jpg 300w, https:\/\/aquajet.se\/bed\/uploads\/2022\/05\/Aquajet-products-complete-1024x320.jpg 1024w, https:\/\/aquajet.se\/bed\/uploads\/2022\/05\/Aquajet-products-complete-768x240.jpg 768w, https:\/\/aquajet.se\/bed\/uploads\/2022\/05\/Aquajet-products-complete-1536x480.jpg 1536w, https:\/\/aquajet.se\/bed\/uploads\/2022\/05\/Aquajet-products-complete-660x206.jpg 660w, https:\/\/aquajet.se\/bed\/uploads\/2022\/05\/Aquajet-products-complete.jpg 2000w\" alt=\"\" \/>\n                <div class=\"overlay\"><\/div>\n    <\/div>\n    <div class=\"content\">\n        <div class=\"max_width_content\" data-aos=\"fade\" data-aos-duration=\"1800\">\n            <span class=\"text\" data-scroll><h1><strong>Produkte f\u00fcr die Hochdruckwasserstrahltechnik<\/strong><\/h1>\n<p>Unser Angebot an Hochdruckwasserstrahlger\u00e4ten bietet Komplettl\u00f6sungen f\u00fcr die Betonsanierung, Oberfl\u00e4chenvorbereitung und industrielle Reinigung. Mit Hochdruckwasserstrahl-Robotern, Wasseraufbereitungssystemen, Hochdruckpumpen und div. Zubeh\u00f6r bietet Aquajet Spitzentechnologien f\u00fcr die schwierigsten Aufgaben.<\/p>\n<p><span style=\"font-weight: 400;\">\u00a0<\/span><\/p>\n<\/span>\n                    <\/div>\n    <\/div>\n\n<\/div>","protected":false},"excerpt":{"rendered":"","protected":false},"author":4,"featured_media":0,"parent":0,"menu_order":85,"comment_status":"closed","ping_status":"closed","template":"page_archive_products.php","meta":{"_acf_changed":false,"inline_featured_image":false,"footnotes":""},"class_list":["post-28344","page","type-page","status-publish","hentry"],"acf":[],"yoast_head":"<!-- This site is optimized with the Yoast SEO Premium plugin v26.2 (Yoast SEO v27.3) - https:\/\/yoast.com\/product\/yoast-seo-premium-wordpress\/ -->\n<title>Complete solutions with hydrodemolition<\/title>\n<meta name=\"description\" content=\"Aquajet provides cutting-edge technology for the toughest jobs.\" \/>\n<meta name=\"robots\" content=\"index, follow, max-snippet:-1, max-image-preview:large, max-video-preview:-1\" \/>\n<link rel=\"canonical\" href=\"https:\/\/aquajet.se\/de\/products\/\" \/>\n<meta property=\"og:locale\" content=\"de_DE\" \/>\n<meta property=\"og:type\" content=\"article\" \/>\n<meta property=\"og:title\" content=\"Produkte\" \/>\n<meta property=\"og:description\" content=\"Aquajet provides cutting-edge technology for the toughest jobs.\" \/>\n<meta property=\"og:url\" content=\"https:\/\/aquajet.se\/de\/products\/\" \/>\n<meta property=\"og:site_name\" content=\"Aquajet\" \/>\n<meta property=\"article:modified_time\" content=\"2023-05-30T07:15:40+00:00\" \/>\n<meta name=\"twitter:card\" content=\"summary_large_image\" \/>\n<script type=\"application\/ld+json\" class=\"yoast-schema-graph\">{\"@context\":\"https:\\\/\\\/schema.org\",\"@graph\":[{\"@type\":\"WebPage\",\"@id\":\"https:\\\/\\\/aquajet.se\\\/de\\\/products\\\/\",\"url\":\"https:\\\/\\\/aquajet.se\\\/de\\\/products\\\/\",\"name\":\"Complete solutions with hydrodemolition\",\"isPartOf\":{\"@id\":\"https:\\\/\\\/aquajet.se\\\/de\\\/#website\"},\"datePublished\":\"2021-11-25T07:58:33+00:00\",\"dateModified\":\"2023-05-30T07:15:40+00:00\",\"description\":\"Aquajet provides cutting-edge technology for the toughest jobs.\",\"breadcrumb\":{\"@id\":\"https:\\\/\\\/aquajet.se\\\/de\\\/products\\\/#breadcrumb\"},\"inLanguage\":\"de-DE\",\"potentialAction\":[{\"@type\":\"ReadAction\",\"target\":[\"https:\\\/\\\/aquajet.se\\\/de\\\/products\\\/\"]}]},{\"@type\":\"BreadcrumbList\",\"@id\":\"https:\\\/\\\/aquajet.se\\\/de\\\/products\\\/#breadcrumb\",\"itemListElement\":[{\"@type\":\"ListItem\",\"position\":1,\"name\":\"Hem\",\"item\":\"https:\\\/\\\/aquajet.se\\\/de\\\/\"},{\"@type\":\"ListItem\",\"position\":2,\"name\":\"Produkte\"}]},{\"@type\":\"WebSite\",\"@id\":\"https:\\\/\\\/aquajet.se\\\/de\\\/#website\",\"url\":\"https:\\\/\\\/aquajet.se\\\/de\\\/\",\"name\":\"Aquajet\",\"description\":\"Proven Hydrodemolition Equipment\",\"publisher\":{\"@id\":\"https:\\\/\\\/aquajet.se\\\/de\\\/#organization\"},\"potentialAction\":[{\"@type\":\"SearchAction\",\"target\":{\"@type\":\"EntryPoint\",\"urlTemplate\":\"https:\\\/\\\/aquajet.se\\\/de\\\/?s={search_term_string}\"},\"query-input\":{\"@type\":\"PropertyValueSpecification\",\"valueRequired\":true,\"valueName\":\"search_term_string\"}}],\"inLanguage\":\"de-DE\"},{\"@type\":\"Organization\",\"@id\":\"https:\\\/\\\/aquajet.se\\\/de\\\/#organization\",\"name\":\"Aquajet\",\"url\":\"https:\\\/\\\/aquajet.se\\\/de\\\/\",\"logo\":{\"@type\":\"ImageObject\",\"inLanguage\":\"de-DE\",\"@id\":\"https:\\\/\\\/aquajet.se\\\/de\\\/#\\\/schema\\\/logo\\\/image\\\/\",\"url\":\"https:\\\/\\\/aquajet.se\\\/bed\\\/uploads\\\/2021\\\/11\\\/aquajet_logo-5.png\",\"contentUrl\":\"https:\\\/\\\/aquajet.se\\\/bed\\\/uploads\\\/2021\\\/11\\\/aquajet_logo-5.png\",\"width\":262,\"height\":35,\"caption\":\"Aquajet\"},\"image\":{\"@id\":\"https:\\\/\\\/aquajet.se\\\/de\\\/#\\\/schema\\\/logo\\\/image\\\/\"}}]}<\/script>\n<!-- \/ Yoast SEO Premium plugin. -->","yoast_head_json":{"title":"Complete solutions with hydrodemolition","description":"Aquajet provides cutting-edge technology for the toughest jobs.","robots":{"index":"index","follow":"follow","max-snippet":"max-snippet:-1","max-image-preview":"max-image-preview:large","max-video-preview":"max-video-preview:-1"},"canonical":"https:\/\/aquajet.se\/de\/products\/","og_locale":"de_DE","og_type":"article","og_title":"Produkte","og_description":"Aquajet provides cutting-edge technology for the toughest jobs.","og_url":"https:\/\/aquajet.se\/de\/products\/","og_site_name":"Aquajet","article_modified_time":"2023-05-30T07:15:40+00:00","twitter_card":"summary_large_image","schema":{"@context":"https:\/\/schema.org","@graph":[{"@type":"WebPage","@id":"https:\/\/aquajet.se\/de\/products\/","url":"https:\/\/aquajet.se\/de\/products\/","name":"Complete solutions with hydrodemolition","isPartOf":{"@id":"https:\/\/aquajet.se\/de\/#website"},"datePublished":"2021-11-25T07:58:33+00:00","dateModified":"2023-05-30T07:15:40+00:00","description":"Aquajet provides cutting-edge technology for the toughest jobs.","breadcrumb":{"@id":"https:\/\/aquajet.se\/de\/products\/#breadcrumb"},"inLanguage":"de-DE","potentialAction":[{"@type":"ReadAction","target":["https:\/\/aquajet.se\/de\/products\/"]}]},{"@type":"BreadcrumbList","@id":"https:\/\/aquajet.se\/de\/products\/#breadcrumb","itemListElement":[{"@type":"ListItem","position":1,"name":"Hem","item":"https:\/\/aquajet.se\/de\/"},{"@type":"ListItem","position":2,"name":"Produkte"}]},{"@type":"WebSite","@id":"https:\/\/aquajet.se\/de\/#website","url":"https:\/\/aquajet.se\/de\/","name":"Aquajet","description":"Proven Hydrodemolition Equipment","publisher":{"@id":"https:\/\/aquajet.se\/de\/#organization"},"potentialAction":[{"@type":"SearchAction","target":{"@type":"EntryPoint","urlTemplate":"https:\/\/aquajet.se\/de\/?s={search_term_string}"},"query-input":{"@type":"PropertyValueSpecification","valueRequired":true,"valueName":"search_term_string"}}],"inLanguage":"de-DE"},{"@type":"Organization","@id":"https:\/\/aquajet.se\/de\/#organization","name":"Aquajet","url":"https:\/\/aquajet.se\/de\/","logo":{"@type":"ImageObject","inLanguage":"de-DE","@id":"https:\/\/aquajet.se\/de\/#\/schema\/logo\/image\/","url":"https:\/\/aquajet.se\/bed\/uploads\/2021\/11\/aquajet_logo-5.png","contentUrl":"https:\/\/aquajet.se\/bed\/uploads\/2021\/11\/aquajet_logo-5.png","width":262,"height":35,"caption":"Aquajet"},"image":{"@id":"https:\/\/aquajet.se\/de\/#\/schema\/logo\/image\/"}}]}},"_links":{"self":[{"href":"https:\/\/aquajet.se\/de\/wp-json\/wp\/v2\/pages\/28344","targetHints":{"allow":["GET"]}}],"collection":[{"href":"https:\/\/aquajet.se\/de\/wp-json\/wp\/v2\/pages"}],"about":[{"href":"https:\/\/aquajet.se\/de\/wp-json\/wp\/v2\/types\/page"}],"author":[{"embeddable":true,"href":"https:\/\/aquajet.se\/de\/wp-json\/wp\/v2\/users\/4"}],"replies":[{"embeddable":true,"href":"https:\/\/aquajet.se\/de\/wp-json\/wp\/v2\/comments?post=28344"}],"version-history":[{"count":6,"href":"https:\/\/aquajet.se\/de\/wp-json\/wp\/v2\/pages\/28344\/revisions"}],"predecessor-version":[{"id":28814,"href":"https:\/\/aquajet.se\/de\/wp-json\/wp\/v2\/pages\/28344\/revisions\/28814"}],"wp:attachment":[{"href":"https:\/\/aquajet.se\/de\/wp-json\/wp\/v2\/media?parent=28344"}],"curies":[{"name":"wp","href":"https:\/\/api.w.org\/{rel}","templated":true}]}}