{"id":28366,"date":"2021-12-01T16:18:39","date_gmt":"2021-12-01T15:18:39","guid":{"rendered":"https:\/\/aquajet.se\/after-market\/"},"modified":"2023-05-30T09:21:19","modified_gmt":"2023-05-30T07:21:19","slug":"after-market","status":"publish","type":"page","link":"https:\/\/aquajet.se\/de\/after-market\/","title":{"rendered":"Kundenservice"},"content":{"rendered":"\n<h1 class=\"wp-block-heading\"><strong>Stets zu Ihren Diensten<\/strong><\/h1>\n\n\n\n<p class=\"has-medium-font-size\">Alle unsere Aqua Cutter Roboter, Schienensysteme und Zubeh\u00f6rteile werden in Schweden von einem erfahrenen Team von Designern und Ingenieuren entwickelt und hergestellt. Mit Hilfe dieser kreativen K\u00f6pfe und modernster Technologie stellen wir sicher, dass jede Funktion und jedes Detail unserer Produkte kundenspezifisch entwickelt wird, um die h\u00f6chsten Erwartungen zu erf\u00fcllen. Das gilt f\u00fcr alles, was wir tun &#8211; heute und in Zukunft.<\/p>\n\n\n<div id=\"ajaxModalGrid-block_711306aaa4514d4ca1c11f81277a2fef\" class=\"ajaxModalGrid\">\n    \n        <div class=\"grid_three\">\n                            <div class=\"grid_item\" data-aos=\"fade\" data-aos-duration=\"1800\">\n                                            <div class=\"img_container\">\n                            <img decoding=\"async\" src=\"https:\/\/aquajet.se\/bed\/uploads\/2022\/11\/After-market-2.jpg\" srcset=\"https:\/\/aquajet.se\/bed\/uploads\/2022\/11\/After-market-2-300x225.jpg 300w, https:\/\/aquajet.se\/bed\/uploads\/2022\/11\/After-market-2-534x400.jpg 534w, https:\/\/aquajet.se\/bed\/uploads\/2022\/11\/After-market-2.jpg 709w\" alt=\"\" \/>\n                        <\/div>\n                                        <div class=\"content\">\n                        <h4 >Kundenservice<\/h4>\n                        <span class=\"text smaller\"><p>Wir sind ein zuverl\u00e4ssiger und erfahrener Partner f\u00fcr die globale Hochdruckwasserstrahltechnik- und Industriereinigungsindustrie. Unser qualifiziertes technisches Personal ist in der Lage, den bestm\u00f6glichen Service und die besten L\u00f6sungen zu bieten.<\/p>\n<\/span>\n                                                    <a class=\"red_button red_fill_button after-market-support\" href=\"#\" target=\"_self\">Betreuung nach dem Kauf<\/a>\n                                            <\/div>\n                <\/div>\n\n                            <div class=\"grid_item\" data-aos=\"fade\" data-aos-duration=\"1800\">\n                                            <div class=\"img_container\">\n                            <img decoding=\"async\" src=\"https:\/\/aquajet.se\/bed\/uploads\/2022\/11\/After-market-1.jpg\" srcset=\"https:\/\/aquajet.se\/bed\/uploads\/2022\/11\/After-market-1-300x225.jpg 300w, https:\/\/aquajet.se\/bed\/uploads\/2022\/11\/After-market-1-534x400.jpg 534w, https:\/\/aquajet.se\/bed\/uploads\/2022\/11\/After-market-1.jpg 709w\" alt=\"\" \/>\n                        <\/div>\n                                        <div class=\"content\">\n                        <h4 >Ersatz- und Verschlei\u00dfteile<\/h4>\n                        <span class=\"text smaller\"><p>Wir haben ein gro\u00dfes Lager an Ersatz- und Verschlei\u00dfteilen f\u00fcr alle Produkte, von \u00e4lteren Versionen bis hin zu brandneuen Produkten. Wir bieten weltweiten Versand mit t\u00e4glicher Abholung und helfen Ihnen immer, die beste L\u00f6sung f\u00fcr den Versand zu finden.<\/p>\n<\/span>\n                                                    <a class=\"red_button red_fill_button spare-and-wear-parts\" href=\"#\" target=\"_self\">Ersatz- und Verschlei\u00dfteile<\/a>\n                                            <\/div>\n                <\/div>\n\n                            <div class=\"grid_item\" data-aos=\"fade\" data-aos-duration=\"1800\">\n                                            <div class=\"img_container\">\n                            <img decoding=\"async\" src=\"https:\/\/aquajet.se\/bed\/uploads\/2022\/11\/After-market-3.jpg\" srcset=\"https:\/\/aquajet.se\/bed\/uploads\/2022\/11\/After-market-3-300x225.jpg 300w, https:\/\/aquajet.se\/bed\/uploads\/2022\/11\/After-market-3-534x400.jpg 534w, https:\/\/aquajet.se\/bed\/uploads\/2022\/11\/After-market-3.jpg 709w\" alt=\"\" \/>\n                        <\/div>\n                                        <div class=\"content\">\n                        <h4 >Wartung und Reparatur<\/h4>\n                        <span class=\"text smaller\"><p>Unsere qualifizierten Servicetechniker f\u00fchren alle Wartungsarbeiten, Fehlersuche und Reparaturen in unserem Servicezentrum durch.<\/p>\n<\/span>\n                                                    <a class=\"red_button red_fill_button maintenance-and-repair\" href=\"#\" target=\"_self\">Wartung und Reparatur<\/a>\n                                            <\/div>\n                <\/div>\n\n                    <\/div>\n\n    <\/div>\n\n<div id=\"fullwidthimage-block_8a16fe6a7fd2cbe454fefdf44107f0fb\" class=\"fullwidthimage\">\n            <div class=\"media_container max_height_image\">\n                                    <img decoding=\"async\" src=\"https:\/\/aquajet.se\/bed\/uploads\/2022\/05\/aquajet-academy-2.jpg\" srcset=\"https:\/\/aquajet.se\/bed\/uploads\/2022\/05\/aquajet-academy-2-300x131.jpg 300w, https:\/\/aquajet.se\/bed\/uploads\/2022\/05\/aquajet-academy-2-1024x448.jpg 1024w, https:\/\/aquajet.se\/bed\/uploads\/2022\/05\/aquajet-academy-2-768x336.jpg 768w, https:\/\/aquajet.se\/bed\/uploads\/2022\/05\/aquajet-academy-2-660x289.jpg 660w, https:\/\/aquajet.se\/bed\/uploads\/2022\/05\/aquajet-academy-2.jpg 1500w\" alt=\"\" \/>\n            \n            <\/div>\n        <\/div>\n\n<div id=\"textcolumn-block_af82e7c5e0ad99812f489c7b1a127fb4\" class=\"textcolumn\">\n    <div class=\"max_width_content\">\n        <div class=\"textcolumn-textcolumns\" data-aos=\"fade\" data-aos-duration=\"1800\">\n            <div class=\"textcolumn-header\"><h2><strong>Schulung und Sicherheit<\/strong><\/h2>\n<\/div>\n            <div class=\"textcolumn-textarea\">\n                <p>Da Sicherheit f\u00fcr uns und unsere Kunden eine der obersten Priorit\u00e4ten ist, wird bei unserer Lieferung immer eine Schulung angeboten. Dieser Kurs findet in der Regel an den Betriebsst\u00e4tten des Kunden statt. Die Kursteilnehmer durchlaufen ein detailliertes Programm mit \u00dcbungen zur Sicherheit, Bedienung und Wartung der Ausr\u00fcstung. Jeder Teilnehmer, der den Kurs erfolgreich abgeschlossen hat, erh\u00e4lt ein Schulungszertifikat.<\/p>\n<p>Zus\u00e4tzlich zu den Schulungen zur Handhabung und Wartung unserer Ger\u00e4te bieten wir auch Schulungen zum Thema Hochdruck und Sicherheit an, um zu verstehen, welche Vorschriften und Gesetze die Verwendung von Hochdruckger\u00e4ten regeln. Wir unterrichten unsere Kunden auch in den Grundlagen von Hochdruckpumpen, Schl\u00e4uchen, Werkzeugen und der Berechnung des Druckverlusts in Schl\u00e4uchen sowie der Berechnung der richtigen D\u00fcsengr\u00f6\u00dfe.<\/p>\n<p><button class=\"red_fill_button\"><a class=\"wp-video-popup\" href=\"#\">Watch video<\/a><\/button><\/p>\n                    <a class=\"red_text_button\" href=\"https:\/\/aquajet.se\/aquajet-academy\/\" target=\"_self\">Lesen Sie mehr \u00fcber die Aquajet Academy<\/a>\n                            <\/div>\n        <\/div>\n    <\/div>\n<\/div>\n\n\n\t<div class=\"wp-video-popup-wrapper\">\n\t\t<div class=\"wp-video-popup-close\"><\/div>\n\t\t<iframe class=\"wp-video-popup-video is-hosted is-landscape is-resizable\" src=\"\" data-wp-video-popup-url=\"https:\/\/player.vimeo.com\/video\/667114681?byline=0&#038;portrait=0&#038;autoplay=1\" frameborder=\"0\" allowfullscreen allow=\"autoplay\">\n\t\t<\/iframe>\n\t<\/div>\n\t\n\n\n\n<p><\/p>\n","protected":false},"excerpt":{"rendered":"<p>Stets zu Ihren Diensten Alle unsere Aqua Cutter Roboter, Schienensysteme und Zubeh\u00f6rteile werden in Schweden von einem erfahrenen Team von Designern und Ingenieuren entwickelt und hergestellt. Mit Hilfe dieser kreativen K\u00f6pfe und modernster Technologie stellen wir sicher, dass jede Funktion und jedes Detail unserer Produkte kundenspezifisch entwickelt wird, um die h\u00f6chsten Erwartungen zu erf\u00fcllen. Das [&hellip;]<\/p>\n","protected":false},"author":4,"featured_media":0,"parent":0,"menu_order":59,"comment_status":"closed","ping_status":"closed","template":"","meta":{"_acf_changed":false,"inline_featured_image":false,"footnotes":""},"class_list":["post-28366","page","type-page","status-publish","hentry"],"acf":[],"yoast_head":"<!-- This site is optimized with the Yoast SEO Premium plugin v26.2 (Yoast SEO v27.3) - https:\/\/yoast.com\/product\/yoast-seo-premium-wordpress\/ -->\n<title>Thoughtful work with Aquajet<\/title>\n<meta name=\"description\" content=\"All our Aqua Cutter robots, rail systems and accessories are designed and manufactured in Sweden by an experienced team of designers and engineers.\" \/>\n<meta name=\"robots\" content=\"index, follow, max-snippet:-1, max-image-preview:large, max-video-preview:-1\" \/>\n<link rel=\"canonical\" href=\"https:\/\/aquajet.se\/de\/after-market\/\" \/>\n<meta property=\"og:locale\" content=\"de_DE\" \/>\n<meta property=\"og:type\" content=\"article\" \/>\n<meta property=\"og:title\" content=\"Kundenservice\" \/>\n<meta property=\"og:description\" content=\"All our Aqua Cutter robots, rail systems and accessories are designed and manufactured in Sweden by an experienced team of designers and engineers.\" \/>\n<meta property=\"og:url\" content=\"https:\/\/aquajet.se\/de\/after-market\/\" \/>\n<meta property=\"og:site_name\" content=\"Aquajet\" \/>\n<meta property=\"article:modified_time\" content=\"2023-05-30T07:21:19+00:00\" \/>\n<meta name=\"twitter:card\" content=\"summary_large_image\" \/>\n<meta name=\"twitter:label1\" content=\"Est. reading time\" \/>\n\t<meta name=\"twitter:data1\" content=\"1 minute\" \/>\n<script type=\"application\/ld+json\" class=\"yoast-schema-graph\">{\"@context\":\"https:\\\/\\\/schema.org\",\"@graph\":[{\"@type\":\"WebPage\",\"@id\":\"https:\\\/\\\/aquajet.se\\\/de\\\/after-market\\\/\",\"url\":\"https:\\\/\\\/aquajet.se\\\/de\\\/after-market\\\/\",\"name\":\"Thoughtful work with Aquajet\",\"isPartOf\":{\"@id\":\"https:\\\/\\\/aquajet.se\\\/de\\\/#website\"},\"datePublished\":\"2021-12-01T15:18:39+00:00\",\"dateModified\":\"2023-05-30T07:21:19+00:00\",\"description\":\"All our Aqua Cutter robots, rail systems and accessories are designed and manufactured in Sweden by an experienced team of designers and engineers.\",\"breadcrumb\":{\"@id\":\"https:\\\/\\\/aquajet.se\\\/de\\\/after-market\\\/#breadcrumb\"},\"inLanguage\":\"de-DE\",\"potentialAction\":[{\"@type\":\"ReadAction\",\"target\":[\"https:\\\/\\\/aquajet.se\\\/de\\\/after-market\\\/\"]}]},{\"@type\":\"BreadcrumbList\",\"@id\":\"https:\\\/\\\/aquajet.se\\\/de\\\/after-market\\\/#breadcrumb\",\"itemListElement\":[{\"@type\":\"ListItem\",\"position\":1,\"name\":\"Hem\",\"item\":\"https:\\\/\\\/aquajet.se\\\/de\\\/\"},{\"@type\":\"ListItem\",\"position\":2,\"name\":\"Kundenservice\"}]},{\"@type\":\"WebSite\",\"@id\":\"https:\\\/\\\/aquajet.se\\\/de\\\/#website\",\"url\":\"https:\\\/\\\/aquajet.se\\\/de\\\/\",\"name\":\"Aquajet\",\"description\":\"Proven Hydrodemolition Equipment\",\"publisher\":{\"@id\":\"https:\\\/\\\/aquajet.se\\\/de\\\/#organization\"},\"potentialAction\":[{\"@type\":\"SearchAction\",\"target\":{\"@type\":\"EntryPoint\",\"urlTemplate\":\"https:\\\/\\\/aquajet.se\\\/de\\\/?s={search_term_string}\"},\"query-input\":{\"@type\":\"PropertyValueSpecification\",\"valueRequired\":true,\"valueName\":\"search_term_string\"}}],\"inLanguage\":\"de-DE\"},{\"@type\":\"Organization\",\"@id\":\"https:\\\/\\\/aquajet.se\\\/de\\\/#organization\",\"name\":\"Aquajet\",\"url\":\"https:\\\/\\\/aquajet.se\\\/de\\\/\",\"logo\":{\"@type\":\"ImageObject\",\"inLanguage\":\"de-DE\",\"@id\":\"https:\\\/\\\/aquajet.se\\\/de\\\/#\\\/schema\\\/logo\\\/image\\\/\",\"url\":\"https:\\\/\\\/aquajet.se\\\/bed\\\/uploads\\\/2021\\\/11\\\/aquajet_logo-5.png\",\"contentUrl\":\"https:\\\/\\\/aquajet.se\\\/bed\\\/uploads\\\/2021\\\/11\\\/aquajet_logo-5.png\",\"width\":262,\"height\":35,\"caption\":\"Aquajet\"},\"image\":{\"@id\":\"https:\\\/\\\/aquajet.se\\\/de\\\/#\\\/schema\\\/logo\\\/image\\\/\"}}]}<\/script>\n<!-- \/ Yoast SEO Premium plugin. -->","yoast_head_json":{"title":"Thoughtful work with Aquajet","description":"All our Aqua Cutter robots, rail systems and accessories are designed and manufactured in Sweden by an experienced team of designers and engineers.","robots":{"index":"index","follow":"follow","max-snippet":"max-snippet:-1","max-image-preview":"max-image-preview:large","max-video-preview":"max-video-preview:-1"},"canonical":"https:\/\/aquajet.se\/de\/after-market\/","og_locale":"de_DE","og_type":"article","og_title":"Kundenservice","og_description":"All our Aqua Cutter robots, rail systems and accessories are designed and manufactured in Sweden by an experienced team of designers and engineers.","og_url":"https:\/\/aquajet.se\/de\/after-market\/","og_site_name":"Aquajet","article_modified_time":"2023-05-30T07:21:19+00:00","twitter_card":"summary_large_image","twitter_misc":{"Est. reading time":"1 minute"},"schema":{"@context":"https:\/\/schema.org","@graph":[{"@type":"WebPage","@id":"https:\/\/aquajet.se\/de\/after-market\/","url":"https:\/\/aquajet.se\/de\/after-market\/","name":"Thoughtful work with Aquajet","isPartOf":{"@id":"https:\/\/aquajet.se\/de\/#website"},"datePublished":"2021-12-01T15:18:39+00:00","dateModified":"2023-05-30T07:21:19+00:00","description":"All our Aqua Cutter robots, rail systems and accessories are designed and manufactured in Sweden by an experienced team of designers and engineers.","breadcrumb":{"@id":"https:\/\/aquajet.se\/de\/after-market\/#breadcrumb"},"inLanguage":"de-DE","potentialAction":[{"@type":"ReadAction","target":["https:\/\/aquajet.se\/de\/after-market\/"]}]},{"@type":"BreadcrumbList","@id":"https:\/\/aquajet.se\/de\/after-market\/#breadcrumb","itemListElement":[{"@type":"ListItem","position":1,"name":"Hem","item":"https:\/\/aquajet.se\/de\/"},{"@type":"ListItem","position":2,"name":"Kundenservice"}]},{"@type":"WebSite","@id":"https:\/\/aquajet.se\/de\/#website","url":"https:\/\/aquajet.se\/de\/","name":"Aquajet","description":"Proven Hydrodemolition Equipment","publisher":{"@id":"https:\/\/aquajet.se\/de\/#organization"},"potentialAction":[{"@type":"SearchAction","target":{"@type":"EntryPoint","urlTemplate":"https:\/\/aquajet.se\/de\/?s={search_term_string}"},"query-input":{"@type":"PropertyValueSpecification","valueRequired":true,"valueName":"search_term_string"}}],"inLanguage":"de-DE"},{"@type":"Organization","@id":"https:\/\/aquajet.se\/de\/#organization","name":"Aquajet","url":"https:\/\/aquajet.se\/de\/","logo":{"@type":"ImageObject","inLanguage":"de-DE","@id":"https:\/\/aquajet.se\/de\/#\/schema\/logo\/image\/","url":"https:\/\/aquajet.se\/bed\/uploads\/2021\/11\/aquajet_logo-5.png","contentUrl":"https:\/\/aquajet.se\/bed\/uploads\/2021\/11\/aquajet_logo-5.png","width":262,"height":35,"caption":"Aquajet"},"image":{"@id":"https:\/\/aquajet.se\/de\/#\/schema\/logo\/image\/"}}]}},"_links":{"self":[{"href":"https:\/\/aquajet.se\/de\/wp-json\/wp\/v2\/pages\/28366","targetHints":{"allow":["GET"]}}],"collection":[{"href":"https:\/\/aquajet.se\/de\/wp-json\/wp\/v2\/pages"}],"about":[{"href":"https:\/\/aquajet.se\/de\/wp-json\/wp\/v2\/types\/page"}],"author":[{"embeddable":true,"href":"https:\/\/aquajet.se\/de\/wp-json\/wp\/v2\/users\/4"}],"replies":[{"embeddable":true,"href":"https:\/\/aquajet.se\/de\/wp-json\/wp\/v2\/comments?post=28366"}],"version-history":[{"count":3,"href":"https:\/\/aquajet.se\/de\/wp-json\/wp\/v2\/pages\/28366\/revisions"}],"predecessor-version":[{"id":28817,"href":"https:\/\/aquajet.se\/de\/wp-json\/wp\/v2\/pages\/28366\/revisions\/28817"}],"wp:attachment":[{"href":"https:\/\/aquajet.se\/de\/wp-json\/wp\/v2\/media?parent=28366"}],"curies":[{"name":"wp","href":"https:\/\/api.w.org\/{rel}","templated":true}]}}