{"id":28374,"date":"2021-11-30T12:33:37","date_gmt":"2021-11-30T11:33:37","guid":{"rendered":"https:\/\/aquajet.se\/innovations\/"},"modified":"2023-05-30T09:18:39","modified_gmt":"2023-05-30T07:18:39","slug":"innovations","status":"publish","type":"page","link":"https:\/\/aquajet.se\/de\/innovations\/","title":{"rendered":"Innovationen"},"content":{"rendered":"\n<h1 class=\"wp-block-heading\"><strong>Erfahrungen f\u00fcr eine bessere Arbeitsweise<\/strong><\/h1>\n\n\n\n<p class=\"has-medium-font-size\">Bei Aquajet dreht sich alles um neue technische Innovationen und cleveres Design. Wir haben die Erfahrung, die St\u00e4rke und die F\u00e4higkeit, kontinuierliche Forschung und Entwicklung in Kundennutzen umzusetzen. Alle unsere Aqua Cutter Roboter, Hochdruckpumpen, Wasseraufbereitungssysteme und Zubeh\u00f6rteile sind speziell f\u00fcr den vorgesehenen Zweck entwickelt worden. Wir machen keine halben Sachen und verwenden keine gesch\u00fctzten Einheiten als Grundlage f\u00fcr Design, Konstruktion und Nachhaltigkeit.&nbsp;Zudem ergreifen wir extreme Ma\u00dfnahmen, um die gesamte Arbeit unter dem Gesichtspunkt der Nachhaltigkeit zu sichern. Ein Beweis daf\u00fcr ist das EcoClear Wasseraufbereitungssystem, das Wasser auf einer neuen Ebene filtert. Jedes kleine Detail und jede gro\u00dfe Funktion wurde speziell entwickelt, um Ihre Erwartungen an Effizienz, Funktion, Produktivit\u00e4t und Zuverl\u00e4ssigkeit zu erf\u00fcllen.<\/p>\n\n\n\n<p><meta charset=\"utf-8\"><\/p>\n","protected":false},"excerpt":{"rendered":"<p>Erfahrungen f\u00fcr eine bessere Arbeitsweise Bei Aquajet dreht sich alles um neue technische Innovationen und cleveres Design. Wir haben die Erfahrung, die St\u00e4rke und die F\u00e4higkeit, kontinuierliche Forschung und Entwicklung in Kundennutzen umzusetzen. Alle unsere Aqua Cutter Roboter, Hochdruckpumpen, Wasseraufbereitungssysteme und Zubeh\u00f6rteile sind speziell f\u00fcr den vorgesehenen Zweck entwickelt worden. Wir machen keine halben Sachen [&hellip;]<\/p>\n","protected":false},"author":4,"featured_media":0,"parent":0,"menu_order":72,"comment_status":"closed","ping_status":"closed","template":"page_archive_innovations.php","meta":{"_acf_changed":false,"inline_featured_image":false,"footnotes":""},"class_list":["post-28374","page","type-page","status-publish","hentry"],"acf":[],"yoast_head":"<!-- This site is optimized with the Yoast SEO Premium plugin v26.2 (Yoast SEO v27.3) - https:\/\/yoast.com\/product\/yoast-seo-premium-wordpress\/ -->\n<title>Aquajet prioritizes technical innovations<\/title>\n<meta name=\"description\" content=\"All Aqua Cutter robots, high-pressure pumps, water treatment systems and accessories are designed specifically for the purpose intended.\" \/>\n<meta name=\"robots\" content=\"index, follow, max-snippet:-1, max-image-preview:large, max-video-preview:-1\" \/>\n<link rel=\"canonical\" href=\"https:\/\/aquajet.se\/de\/innovations\/\" \/>\n<meta property=\"og:locale\" content=\"de_DE\" \/>\n<meta property=\"og:type\" content=\"article\" \/>\n<meta property=\"og:title\" content=\"Innovationen\" \/>\n<meta property=\"og:description\" content=\"All Aqua Cutter robots, high-pressure pumps, water treatment systems and accessories are designed specifically for the purpose intended.\" \/>\n<meta property=\"og:url\" content=\"https:\/\/aquajet.se\/de\/innovations\/\" \/>\n<meta property=\"og:site_name\" content=\"Aquajet\" \/>\n<meta property=\"article:modified_time\" content=\"2023-05-30T07:18:39+00:00\" \/>\n<meta name=\"twitter:card\" content=\"summary_large_image\" \/>\n<meta name=\"twitter:label1\" content=\"Est. reading time\" \/>\n\t<meta name=\"twitter:data1\" content=\"1 minute\" \/>\n<script type=\"application\/ld+json\" class=\"yoast-schema-graph\">{\"@context\":\"https:\\\/\\\/schema.org\",\"@graph\":[{\"@type\":\"WebPage\",\"@id\":\"https:\\\/\\\/aquajet.se\\\/de\\\/innovations\\\/\",\"url\":\"https:\\\/\\\/aquajet.se\\\/de\\\/innovations\\\/\",\"name\":\"Aquajet prioritizes technical innovations\",\"isPartOf\":{\"@id\":\"https:\\\/\\\/aquajet.se\\\/de\\\/#website\"},\"datePublished\":\"2021-11-30T11:33:37+00:00\",\"dateModified\":\"2023-05-30T07:18:39+00:00\",\"description\":\"All Aqua Cutter robots, high-pressure pumps, water treatment systems and accessories are designed specifically for the purpose intended.\",\"breadcrumb\":{\"@id\":\"https:\\\/\\\/aquajet.se\\\/de\\\/innovations\\\/#breadcrumb\"},\"inLanguage\":\"de-DE\",\"potentialAction\":[{\"@type\":\"ReadAction\",\"target\":[\"https:\\\/\\\/aquajet.se\\\/de\\\/innovations\\\/\"]}]},{\"@type\":\"BreadcrumbList\",\"@id\":\"https:\\\/\\\/aquajet.se\\\/de\\\/innovations\\\/#breadcrumb\",\"itemListElement\":[{\"@type\":\"ListItem\",\"position\":1,\"name\":\"Hem\",\"item\":\"https:\\\/\\\/aquajet.se\\\/de\\\/\"},{\"@type\":\"ListItem\",\"position\":2,\"name\":\"Innovationen\"}]},{\"@type\":\"WebSite\",\"@id\":\"https:\\\/\\\/aquajet.se\\\/de\\\/#website\",\"url\":\"https:\\\/\\\/aquajet.se\\\/de\\\/\",\"name\":\"Aquajet\",\"description\":\"Proven Hydrodemolition Equipment\",\"publisher\":{\"@id\":\"https:\\\/\\\/aquajet.se\\\/de\\\/#organization\"},\"potentialAction\":[{\"@type\":\"SearchAction\",\"target\":{\"@type\":\"EntryPoint\",\"urlTemplate\":\"https:\\\/\\\/aquajet.se\\\/de\\\/?s={search_term_string}\"},\"query-input\":{\"@type\":\"PropertyValueSpecification\",\"valueRequired\":true,\"valueName\":\"search_term_string\"}}],\"inLanguage\":\"de-DE\"},{\"@type\":\"Organization\",\"@id\":\"https:\\\/\\\/aquajet.se\\\/de\\\/#organization\",\"name\":\"Aquajet\",\"url\":\"https:\\\/\\\/aquajet.se\\\/de\\\/\",\"logo\":{\"@type\":\"ImageObject\",\"inLanguage\":\"de-DE\",\"@id\":\"https:\\\/\\\/aquajet.se\\\/de\\\/#\\\/schema\\\/logo\\\/image\\\/\",\"url\":\"https:\\\/\\\/aquajet.se\\\/bed\\\/uploads\\\/2021\\\/11\\\/aquajet_logo-5.png\",\"contentUrl\":\"https:\\\/\\\/aquajet.se\\\/bed\\\/uploads\\\/2021\\\/11\\\/aquajet_logo-5.png\",\"width\":262,\"height\":35,\"caption\":\"Aquajet\"},\"image\":{\"@id\":\"https:\\\/\\\/aquajet.se\\\/de\\\/#\\\/schema\\\/logo\\\/image\\\/\"}}]}<\/script>\n<!-- \/ Yoast SEO Premium plugin. -->","yoast_head_json":{"title":"Aquajet prioritizes technical innovations","description":"All Aqua Cutter robots, high-pressure pumps, water treatment systems and accessories are designed specifically for the purpose intended.","robots":{"index":"index","follow":"follow","max-snippet":"max-snippet:-1","max-image-preview":"max-image-preview:large","max-video-preview":"max-video-preview:-1"},"canonical":"https:\/\/aquajet.se\/de\/innovations\/","og_locale":"de_DE","og_type":"article","og_title":"Innovationen","og_description":"All Aqua Cutter robots, high-pressure pumps, water treatment systems and accessories are designed specifically for the purpose intended.","og_url":"https:\/\/aquajet.se\/de\/innovations\/","og_site_name":"Aquajet","article_modified_time":"2023-05-30T07:18:39+00:00","twitter_card":"summary_large_image","twitter_misc":{"Est. reading time":"1 minute"},"schema":{"@context":"https:\/\/schema.org","@graph":[{"@type":"WebPage","@id":"https:\/\/aquajet.se\/de\/innovations\/","url":"https:\/\/aquajet.se\/de\/innovations\/","name":"Aquajet prioritizes technical innovations","isPartOf":{"@id":"https:\/\/aquajet.se\/de\/#website"},"datePublished":"2021-11-30T11:33:37+00:00","dateModified":"2023-05-30T07:18:39+00:00","description":"All Aqua Cutter robots, high-pressure pumps, water treatment systems and accessories are designed specifically for the purpose intended.","breadcrumb":{"@id":"https:\/\/aquajet.se\/de\/innovations\/#breadcrumb"},"inLanguage":"de-DE","potentialAction":[{"@type":"ReadAction","target":["https:\/\/aquajet.se\/de\/innovations\/"]}]},{"@type":"BreadcrumbList","@id":"https:\/\/aquajet.se\/de\/innovations\/#breadcrumb","itemListElement":[{"@type":"ListItem","position":1,"name":"Hem","item":"https:\/\/aquajet.se\/de\/"},{"@type":"ListItem","position":2,"name":"Innovationen"}]},{"@type":"WebSite","@id":"https:\/\/aquajet.se\/de\/#website","url":"https:\/\/aquajet.se\/de\/","name":"Aquajet","description":"Proven Hydrodemolition Equipment","publisher":{"@id":"https:\/\/aquajet.se\/de\/#organization"},"potentialAction":[{"@type":"SearchAction","target":{"@type":"EntryPoint","urlTemplate":"https:\/\/aquajet.se\/de\/?s={search_term_string}"},"query-input":{"@type":"PropertyValueSpecification","valueRequired":true,"valueName":"search_term_string"}}],"inLanguage":"de-DE"},{"@type":"Organization","@id":"https:\/\/aquajet.se\/de\/#organization","name":"Aquajet","url":"https:\/\/aquajet.se\/de\/","logo":{"@type":"ImageObject","inLanguage":"de-DE","@id":"https:\/\/aquajet.se\/de\/#\/schema\/logo\/image\/","url":"https:\/\/aquajet.se\/bed\/uploads\/2021\/11\/aquajet_logo-5.png","contentUrl":"https:\/\/aquajet.se\/bed\/uploads\/2021\/11\/aquajet_logo-5.png","width":262,"height":35,"caption":"Aquajet"},"image":{"@id":"https:\/\/aquajet.se\/de\/#\/schema\/logo\/image\/"}}]}},"_links":{"self":[{"href":"https:\/\/aquajet.se\/de\/wp-json\/wp\/v2\/pages\/28374","targetHints":{"allow":["GET"]}}],"collection":[{"href":"https:\/\/aquajet.se\/de\/wp-json\/wp\/v2\/pages"}],"about":[{"href":"https:\/\/aquajet.se\/de\/wp-json\/wp\/v2\/types\/page"}],"author":[{"embeddable":true,"href":"https:\/\/aquajet.se\/de\/wp-json\/wp\/v2\/users\/4"}],"replies":[{"embeddable":true,"href":"https:\/\/aquajet.se\/de\/wp-json\/wp\/v2\/comments?post=28374"}],"version-history":[{"count":2,"href":"https:\/\/aquajet.se\/de\/wp-json\/wp\/v2\/pages\/28374\/revisions"}],"predecessor-version":[{"id":28816,"href":"https:\/\/aquajet.se\/de\/wp-json\/wp\/v2\/pages\/28374\/revisions\/28816"}],"wp:attachment":[{"href":"https:\/\/aquajet.se\/de\/wp-json\/wp\/v2\/media?parent=28374"}],"curies":[{"name":"wp","href":"https:\/\/api.w.org\/{rel}","templated":true}]}}