{"id":28382,"date":"2021-11-23T15:02:20","date_gmt":"2021-11-23T14:02:20","guid":{"rendered":"https:\/\/aquajet.se\/solutions\/"},"modified":"2023-06-26T11:38:36","modified_gmt":"2023-06-26T09:38:36","slug":"solutions","status":"publish","type":"page","link":"https:\/\/aquajet.se\/de\/solutions\/","title":{"rendered":"L\u00f6sungen"},"content":{"rendered":"\n<h1 class=\"wp-block-heading\"><strong>Das ist Hochdruckwasserstrahltechnik \u2013 einfach beeindruckend<\/strong><\/h1>\n\n\n\n<p class=\"has-medium-font-size\">Hochdruckwasserstrahltechnik ist ideal f\u00fcr das Entfernen ausgew\u00e4hlter Teile, ohne dabei die Armierung zu besch\u00e4digen. Das hei\u00dft, der intakte Beton und die Bewehrung bleiben unbesch\u00e4digt. Der nachhaltige Weg zum Schutz und Erhalt von Betonkonstruktionen. Die Lebenszyklusanalyse zeigt, dass Hochdruckwasserstrahltechnik anderen Methoden \u00fcberlegen ist und eine Haltbarkeit aufweist, die der eines Neubaus gleichkommt. Keine Risse. Keine Presslufth\u00e4mmer. Keine Probleme. Nur Hochdruckwasserstrahltechnik durch Aquajet Systems.<\/p>\n\n\n\n<div class=\"wp-block-buttons is-layout-flex wp-block-buttons-is-layout-flex\">\n<div class=\"wp-block-button is-style-red_fill_button wp-video-popup\"><a class=\"wp-block-button__link wp-element-button\" href=\"#\">Video ansehen<\/a><\/div>\n<\/div>\n\n\n\n\t<div class=\"wp-video-popup-wrapper\">\n\t\t<div class=\"wp-video-popup-close\"><\/div>\n\t\t<iframe class=\"wp-video-popup-video is-hosted is-landscape is-resizable\" src=\"\" data-wp-video-popup-url=\"https:\/\/player.vimeo.com\/video\/118478037?byline=0&#038;portrait=0&#038;autoplay=1\" frameborder=\"0\" allowfullscreen allow=\"autoplay\">\n\t\t<\/iframe>\n\t<\/div>\n\t\n\n\n<div id=\"fullwidthimage-block_3710dfbf53f7975a87d946b07f5b952b\" class=\"fullwidthimage\">\n            <div class=\"media_container max_height_image\">\n                                    <img decoding=\"async\" src=\"https:\/\/aquajet.se\/bed\/uploads\/2021\/12\/Arbetsbild-aqua-cutter-710V_RediServices-USA_fix-12.jpg\" srcset=\"https:\/\/aquajet.se\/bed\/uploads\/2021\/12\/Arbetsbild-aqua-cutter-710V_RediServices-USA_fix-12-300x153.jpg 300w, https:\/\/aquajet.se\/bed\/uploads\/2021\/12\/Arbetsbild-aqua-cutter-710V_RediServices-USA_fix-12-1024x524.jpg 1024w, https:\/\/aquajet.se\/bed\/uploads\/2021\/12\/Arbetsbild-aqua-cutter-710V_RediServices-USA_fix-12-768x393.jpg 768w, https:\/\/aquajet.se\/bed\/uploads\/2021\/12\/Arbetsbild-aqua-cutter-710V_RediServices-USA_fix-12-660x337.jpg 660w, https:\/\/aquajet.se\/bed\/uploads\/2021\/12\/Arbetsbild-aqua-cutter-710V_RediServices-USA_fix-12.jpg 1500w\" alt=\"\" \/>\n            \n            <\/div>\n        <\/div>\n\n<div id=\"textcolumn-block_c5f21682338068da4be27e4dde4b6b6b\" class=\"textcolumn\">\n    <div class=\"max_width_content\">\n        <div class=\"textcolumn-textcolumns\" data-aos=\"fade\" data-aos-duration=\"1800\">\n            <div class=\"textcolumn-header\"><h2>Der Arbeitsplatz<\/h2>\n<\/div>\n            <div class=\"textcolumn-textarea\">\n                <p>Bevor wir auch nur daran denken zu starten, m\u00fcssen wir sicherstellen, dass die Baustelle sicher ist. Achten Sie darauf, dass die R\u00fcckseite des Objektes, an dem Sie arbeiten, ger\u00e4umt und gut gesch\u00fctzt ist. Das Wasser wird eine Geschwindigkeit von 400 bis 750 Metern pro Sekunde haben. Im Vergleich dazu: Eine 9-mm-Pistole hat eine Austrittsgeschwindigkeit von etwas mehr als 350 Metern pro Sekunde.<br \/>\nMarkieren Sie die Sperrzone um die Baustelle mit H\u00fctchen, die entweder 25 Meter nach links und 25 Meter nach vorne oder 25 Meter nach rechts und 10 Meter nach hinten reichen. Alternativ k\u00f6nnen Sie den Roboter mit Absperrungen sch\u00fctzen. Wenn Sie z. B. in der N\u00e4he von regem Verkehr arbeiten.<\/p>\n<p>Vergewissern Sie sich, dass alle Sicherheitsvorrichtungen vorhanden sind. Zum Beispiel Feuerl\u00f6scher, Erste-Hilfe-K\u00e4sten und Informationen \u00fcber Hochdruckwasserstrahlverletzungen. Das Power Pack von Aquajet enth\u00e4lt alle diese Komponenten. Bei der Arbeit mit Hochdruckwasserstrahltechnik muss immer eine Sicherheitsausr\u00fcstung getragen werden.<\/p>\n<p>Vergewissern Sie sich, dass alle Schl\u00e4uche und Verbindungen in einem guten Zustand sind, und ziehen Sie niemals eine Verbindung fest, wenn sie unter Druck steht.<\/p>\n<p>Wir bieten ein komplettes Schulungsprogramm an, in dem Sie alles Wissenswerte \u00fcber Aquajet Ger\u00e4te und deren sichere und effiziente Nutzung erfahren.<\/p>\n            <\/div>\n        <\/div>\n    <\/div>\n<\/div>\n\n\n<hr class=\"wp-block-separator has-css-opacity is-style-wide\"\/>\n\n\n<div id=\"textcolumn-block_0235fecebf39a18d36e5cef83240ca59\" class=\"textcolumn\">\n    <div class=\"max_width_content\">\n        <div class=\"textcolumn-textcolumns\" data-aos=\"fade\" data-aos-duration=\"1800\">\n            <div class=\"textcolumn-header\"><h2>Die Roboter<\/h2>\n<\/div>\n            <div class=\"textcolumn-textarea\">\n                <p>Beginnen wir mit dem Aqua Cutter, dem vielseitigsten und fortschrittlichsten Roboter f\u00fcr Hochdruckwasserstrahltechnik der Welt.<br \/>\nDer Aqua Cutter wird von einem Dieselmotor oder einem Elektromotor angetrieben. Die Bewegungen werden von einem Bediener mit einer Fernsteuerung in sicherer Entfernung gesteuert und \u00fcberwacht. Die Bedienung erfolgt vollautomatisch und ist \u00fcber das Bedienfeld leicht konfigurierbar. Sie k\u00f6nnen unsere Technik f\u00fcr alle Arten von Eins\u00e4tzen und Anwendungen nutzen, von engen Bereichen in Innenr\u00e4umen bis hin zu Br\u00fccken, Stra\u00dfen, Landebahnen, Tunneln, Kraftwerken und Mauern. Alles ist m\u00f6glich! Das Equal Distance System, EDS, ist eine der gro\u00dfen und patentierten Innovationen von Aquajet.<\/p>\n<p>Mit EDS halten Sie einen voreingestellten Abstand zwischen der D\u00fcse und der Betonoberfl\u00e4che ein. Unabh\u00e4ngig vom Eintrittswinkel. Ohne EDS hat der Wasserstrahl bereits viel Kraft verloren, bevor er auf den Beton trifft. Das bedeutet mehr Leistung des Wasserstrahls, wenn er auf den Beton trifft und damit h\u00f6here Produktionsraten.<\/p>\n<p>Ein weiterer Pluspunkt ist die M\u00f6glichkeit, geometrische Formen zu fahren &#8211; wie Kreise, Dreiecke und Quadrate. Programmieren Sie einfach Ihre Form auf dem Display oder zeichnen Sie auf der Oberfl\u00e4che. Einfach und angenehm in der Anwendung. Zeitsparend. Und extrem effizient.<\/p>\n            <\/div>\n        <\/div>\n    <\/div>\n<\/div>\n\n\n<hr class=\"wp-block-separator has-css-opacity is-style-wide\"\/>\n\n\n<div id=\"fullwidthimage-block_50fa89394fbd28611496c8b3b1d9a0ad\" class=\"fullwidthimage\">\n            <div class=\"media_container max_height_image\">\n                                    <img decoding=\"async\" src=\"https:\/\/aquajet.se\/bed\/uploads\/2022\/01\/EcosilenceWorkshop.jpg\" srcset=\"https:\/\/aquajet.se\/bed\/uploads\/2022\/01\/EcosilenceWorkshop-300x205.jpg 300w, https:\/\/aquajet.se\/bed\/uploads\/2022\/01\/EcosilenceWorkshop-1024x700.jpg 1024w, https:\/\/aquajet.se\/bed\/uploads\/2022\/01\/EcosilenceWorkshop-768x525.jpg 768w, https:\/\/aquajet.se\/bed\/uploads\/2022\/01\/EcosilenceWorkshop-1536x1051.jpg 1536w, https:\/\/aquajet.se\/bed\/uploads\/2022\/01\/EcosilenceWorkshop-585x400.jpg 585w, https:\/\/aquajet.se\/bed\/uploads\/2022\/01\/EcosilenceWorkshop.jpg 2000w\" alt=\"\" \/>\n            \n            <\/div>\n        <\/div>\n\n<div id=\"textcolumn-block_710da585a6568843192523dfc5e30b0d\" class=\"textcolumn\">\n    <div class=\"max_width_content\">\n        <div class=\"textcolumn-textcolumns\" data-aos=\"fade\" data-aos-duration=\"1800\">\n            <div class=\"textcolumn-header\"><h2>Die Pumpen<\/h2>\n<\/div>\n            <div class=\"textcolumn-textarea\">\n                <p>Der Aqua Cutter ist an eine Hochdruck-Pumpeneinheit &#8211; ein Aggregat &#8211; angeschlossen. Zusammen sind sie wie ein Sportwagen und eine Rennwerkstatt. Alles, was Sie im Wesentlichen f\u00fcr Ihre Auftr\u00e4ge ben\u00f6tigen, an einem Ort.<\/p>\n<p>Wasser &#8211; die nat\u00fcrlichste Sache der Welt. Unverzichtbar f\u00fcr die meisten Dinge im Leben &#8211; und auch f\u00fcr die Hochdruckwasserstrahltechnik. Pumpen Sie einfach sauberes, frisches Wasser aus einem See, Fluss oder Hydranten. Eine geeignete Wasserversorgung und schon k\u00f6nnen Sie loslegen.<\/p>\n<p>Im Inneren des Aggregats durchl\u00e4uft das Wasser Filter, Stabilisierungstank, Druckerh\u00f6hungspumpe und Hochdruckpumpe. Mit Hilfe eines leistungsstarken Dieselmotors und modernster Technik erreichen Sie den gew\u00fcnschten Druck und Durchfluss.<\/p>\n<p>Das Wasser verl\u00e4sst dann das Aggregat und flie\u00dft durch den Hochdruckschlauch zum Roboter, wo es die D\u00fcse mit \u00dcberschallgeschwindigkeit verl\u00e4sst. Und genau hier beginnt die Aktion.<\/p>\n            <\/div>\n        <\/div>\n    <\/div>\n<\/div>\n\n\n<hr class=\"wp-block-separator has-css-opacity is-style-wide\"\/>\n\n\n<div id=\"textcolumn-block_a925a38ab96d29542705c012abc009bc\" class=\"textcolumn\">\n    <div class=\"max_width_content\">\n        <div class=\"textcolumn-textcolumns\" data-aos=\"fade\" data-aos-duration=\"1800\">\n            <div class=\"textcolumn-header\"><h2>Wasseraufbereitungs-system<\/h2>\n<\/div>\n            <div class=\"textcolumn-textarea\">\n                <p>Das EcoClear-Wasseraufbereitungssystem ist eine hochmoderne L\u00f6sung zur Aufbereitung von Abw\u00e4ssern auf einem v\u00f6llig neuen Niveau. EcoClear erm\u00f6glicht es dem Betreiber, das Wasser sicher wieder in die Umwelt abzuleiten &#8211; ohne zus\u00e4tzlichen Wassertank, ohne Verwendung von Filtern jeglicher Art &#8211; und ohne jegliche Verschmutzung.<\/p>\n<p>Die EcoClear ist so designt, dass sie ideal mit unseren Aqua Cuttern harmoniert. Sie kann eine beeindruckende Durchflussrate von bis zu 20 Kubikmetern pro Stunde bew\u00e4ltigen. Mit der EcoClear k\u00f6nnen Sie erh\u00f6hte alkalische pH-Werte auf einen neutralen pH-Wert von 6-9 senken, w\u00e4hrend Sie den Tr\u00fcbheitsgrad mit nur 20-40 mg Partikeln pro Liter im Griff haben.<br \/>\nAber das ist noch nicht alles. Sie ben\u00f6tigen hierzu keine Filter oder ein zus\u00e4tzliches Wasserreservoir. Perfektionieren Sie Ihren Betrieb zum Wohle der Umwelt.<\/p>\n<p>Die EcoClear funktioniert in sechs Schritten. W\u00e4hrend das Wasser durch die Kammern flie\u00dft, werden Flockungsmittel und Kohlendioxid in das Wasser gemischt, so dass die Feststoffe abfallen und sauberes Wasser durch die Kammern flie\u00dft. Die Feststoffe befinden sich in einem Vorratstrichter und werden \u00fcber eine integrierte Pumpe abgepumpt.<\/p>\n<p>W\u00e4hrend des gesamten Prozesses k\u00f6nnen Sie den pH-Wert und das ISS-Niveau des Wassers \u00fcberwachen, das vor dem Ablassen kontinuierlich angepasst wird.<\/p>\n            <\/div>\n        <\/div>\n    <\/div>\n<\/div>\n\n<div id=\"fullwidthimage-block_49a68bbb82741c780ff6c03615177b39\" class=\"fullwidthimage\">\n                <div class=\"media_container\">\n                                        <img decoding=\"async\" src=\"https:\/\/aquajet.se\/bed\/uploads\/2023\/05\/Recirculution-with-Aquajet-2020_biggertext-german-2-1.jpg\" srcset=\"https:\/\/aquajet.se\/bed\/uploads\/2023\/05\/Recirculution-with-Aquajet-2020_biggertext-german-2-1-300x172.jpg 300w, https:\/\/aquajet.se\/bed\/uploads\/2023\/05\/Recirculution-with-Aquajet-2020_biggertext-german-2-1-768x440.jpg 768w, https:\/\/aquajet.se\/bed\/uploads\/2023\/05\/Recirculution-with-Aquajet-2020_biggertext-german-2-1-660x378.jpg 660w, https:\/\/aquajet.se\/bed\/uploads\/2023\/05\/Recirculution-with-Aquajet-2020_biggertext-german-2-1.jpg 1000w\" alt=\"\" \/>\n            \n            <\/div>\n        <\/div>\n\n\n<hr class=\"wp-block-separator has-css-opacity is-style-wide\"\/>\n\n\n<div id=\"problemSolving-block_0912b88fa23726e30b9e3eebe0e676c8\" class=\"problemSolving\">\n    <div class=\"max_width_content\">\n        <div>\n            <div class=\"\"><h2 id=\"problem-solving\"><strong>Probleml\u00f6sung mit Aquajet<\/strong><\/h2>\n<\/div>\n            <ul class=\"grid_two\">\n\n                                        <li class=\"grid_item\" data-aos=\"fade\" data-aos-duration=\"1800\">\n                                                                                    <div><p><strong>Problem der Industrie:\u00a0<\/strong>Mangel an pr\u00e4ziser, konsistenter Betonentfernung.<br \/>\n<strong>Die Aquajet-L\u00f6sung:\u00a0<\/strong>Smart Lance-Technologie.<\/p>\n<\/div>\n                                                                                    <div><p><iframe loading=\"lazy\" src=\"https:\/\/player.vimeo.com\/video\/418833929?color=ff0000&#038;byline=0\" width=\"100%\" height=\"410\" frameborder=\"0\" allowfullscreen=\"allowfullscreen\"><span data-mce-type=\"bookmark\" style=\"display: inline-block; width: 0px; overflow: hidden; line-height: 0;\" class=\"mce_SELRES_start\">\ufeff<\/span><\/iframe><\/p>\n<\/div>\n                                                    <\/li>\n                                        <li class=\"grid_item\" data-aos=\"fade\" data-aos-duration=\"1800\">\n                                                                                    <div><p><strong>Problem der Industrie:\u00a0<\/strong>Verwaltung von Grauwasser, das beim Hochdruckwasserstrahlprozess anf\u00e4llt.<br \/>\n<strong>Die L\u00f6sung von Aquajet:\u00a0<\/strong>Das Wasseraufbereitungssystem <a href=\"https:\/\/aquajet.se\/products\/ecoclear\/\">EcoClear<\/a>.<\/p>\n<\/div>\n                                                                                    <div><p><iframe loading=\"lazy\" src=\"https:\/\/player.vimeo.com\/video\/423110195?color=ff0000&#038;byline=0\" width=\"100%\" height=\"410\" frameborder=\"0\" allowfullscreen=\"allowfullscreen\"><span data-mce-type=\"bookmark\" style=\"display: inline-block; width: 0px; overflow: hidden; line-height: 0;\" class=\"mce_SELRES_start\">\ufeff<\/span><\/iframe><\/p>\n<\/div>\n                                                    <\/li>\n                                        <li class=\"grid_item\" data-aos=\"fade\" data-aos-duration=\"1800\">\n                                                                                    <div><p><strong>Problem der Industrie:\u00a0<\/strong>Besetzung von Facharbeiterstellen.<br \/>\n<strong>Die L\u00f6sung von Aquajet:\u00a0<\/strong>Der <a href=\"https:\/\/aquajet.se\/de\/product-category\/hydrodemolition-robots-de\/\">Aqua Cutter<\/a>-Roboter f\u00fcr mehr Produktivit\u00e4t mit einer kleineren Mannschaft.<\/p>\n<\/div>\n                                                                                    <div><p><iframe loading=\"lazy\" src=\"https:\/\/player.vimeo.com\/video\/423113629?color=ff0000&#038;byline=0\" width=\"100%\" height=\"410\" frameborder=\"0\" allowfullscreen=\"allowfullscreen\"><span data-mce-type=\"bookmark\" style=\"display: inline-block; width: 0px; overflow: hidden; line-height: 0;\" class=\"mce_SELRES_start\">\ufeff<\/span><\/iframe><\/p>\n<\/div>\n                                                    <\/li>\n                                        <li class=\"grid_item\" data-aos=\"fade\" data-aos-duration=\"1800\">\n                                                                                    <div><p><strong>Problem der Industrie:\u00a0<\/strong>\u00dcberm\u00e4\u00dfiger Ger\u00e4uschpegel.<br \/>\n<strong>Die L\u00f6sung von Aquajet:\u00a0<\/strong>Das<a href=\"https:\/\/aquajet.se\/products\/power-pack-270\/\">\u00a0Ecosilence Power Pack<\/a>.<\/p>\n<\/div>\n                                                                                    <div><p><iframe loading=\"lazy\" src=\"https:\/\/player.vimeo.com\/video\/423114291?color=ff0000&#038;byline=0\" width=\"100%\" height=\"410\" frameborder=\"0\" allowfullscreen=\"allowfullscreen\"><span data-mce-type=\"bookmark\" style=\"display: inline-block; width: 0px; overflow: hidden; line-height: 0;\" class=\"mce_SELRES_start\">\ufeff<\/span><\/iframe><\/p>\n<\/div>\n                                                    <\/li>\n                \n            <\/ul>\n        <\/div>\n    <\/div>\n<\/div>","protected":false},"excerpt":{"rendered":"<p>Das ist Hochdruckwasserstrahltechnik \u2013 einfach beeindruckend Hochdruckwasserstrahltechnik ist ideal f\u00fcr das Entfernen ausgew\u00e4hlter Teile, ohne dabei die Armierung zu besch\u00e4digen. Das hei\u00dft, der intakte Beton und die Bewehrung bleiben unbesch\u00e4digt. Der nachhaltige Weg zum Schutz und Erhalt von Betonkonstruktionen. Die Lebenszyklusanalyse zeigt, dass Hochdruckwasserstrahltechnik anderen Methoden \u00fcberlegen ist und eine Haltbarkeit aufweist, die der eines [&hellip;]<\/p>\n","protected":false},"author":4,"featured_media":0,"parent":0,"menu_order":91,"comment_status":"closed","ping_status":"closed","template":"","meta":{"_acf_changed":false,"inline_featured_image":false,"footnotes":""},"class_list":["post-28382","page","type-page","status-publish","hentry"],"acf":[],"yoast_head":"<!-- This site is optimized with the Yoast SEO Premium plugin v26.2 (Yoast SEO v26.5) - https:\/\/yoast.com\/wordpress\/plugins\/seo\/ -->\n<title>Hydrodemolition creates sustainable work<\/title>\n<meta name=\"description\" content=\"Hydrodemolition by Aquajet is the sustainable way to protect and preserve concrete constructions.\" \/>\n<meta name=\"robots\" content=\"index, follow, max-snippet:-1, max-image-preview:large, max-video-preview:-1\" \/>\n<link rel=\"canonical\" href=\"https:\/\/aquajet.se\/de\/solutions\/\" \/>\n<meta property=\"og:locale\" content=\"de_DE\" \/>\n<meta property=\"og:type\" content=\"article\" \/>\n<meta property=\"og:title\" content=\"L\u00f6sungen\" \/>\n<meta property=\"og:description\" content=\"Hydrodemolition by Aquajet is the sustainable way to protect and preserve concrete constructions.\" \/>\n<meta property=\"og:url\" content=\"https:\/\/aquajet.se\/de\/solutions\/\" \/>\n<meta property=\"og:site_name\" content=\"Aquajet\" \/>\n<meta property=\"article:modified_time\" content=\"2023-06-26T09:38:36+00:00\" \/>\n<meta name=\"twitter:card\" content=\"summary_large_image\" \/>\n<meta name=\"twitter:label1\" content=\"Est. reading time\" \/>\n\t<meta name=\"twitter:data1\" content=\"1 minute\" \/>\n<script type=\"application\/ld+json\" class=\"yoast-schema-graph\">{\"@context\":\"https:\/\/schema.org\",\"@graph\":[{\"@type\":\"WebPage\",\"@id\":\"https:\/\/aquajet.se\/de\/solutions\/\",\"url\":\"https:\/\/aquajet.se\/de\/solutions\/\",\"name\":\"Hydrodemolition creates sustainable work\",\"isPartOf\":{\"@id\":\"https:\/\/aquajet.se\/de\/#website\"},\"datePublished\":\"2021-11-23T14:02:20+00:00\",\"dateModified\":\"2023-06-26T09:38:36+00:00\",\"description\":\"Hydrodemolition by Aquajet is the sustainable way to protect and preserve concrete constructions.\",\"breadcrumb\":{\"@id\":\"https:\/\/aquajet.se\/de\/solutions\/#breadcrumb\"},\"inLanguage\":\"de-DE\",\"potentialAction\":[{\"@type\":\"ReadAction\",\"target\":[\"https:\/\/aquajet.se\/de\/solutions\/\"]}]},{\"@type\":\"BreadcrumbList\",\"@id\":\"https:\/\/aquajet.se\/de\/solutions\/#breadcrumb\",\"itemListElement\":[{\"@type\":\"ListItem\",\"position\":1,\"name\":\"Hem\",\"item\":\"https:\/\/aquajet.se\/de\/\"},{\"@type\":\"ListItem\",\"position\":2,\"name\":\"L\u00f6sungen\"}]},{\"@type\":\"WebSite\",\"@id\":\"https:\/\/aquajet.se\/de\/#website\",\"url\":\"https:\/\/aquajet.se\/de\/\",\"name\":\"Aquajet\",\"description\":\"Proven Hydrodemolition Equipment\",\"publisher\":{\"@id\":\"https:\/\/aquajet.se\/de\/#organization\"},\"potentialAction\":[{\"@type\":\"SearchAction\",\"target\":{\"@type\":\"EntryPoint\",\"urlTemplate\":\"https:\/\/aquajet.se\/de\/?s={search_term_string}\"},\"query-input\":{\"@type\":\"PropertyValueSpecification\",\"valueRequired\":true,\"valueName\":\"search_term_string\"}}],\"inLanguage\":\"de-DE\"},{\"@type\":\"Organization\",\"@id\":\"https:\/\/aquajet.se\/de\/#organization\",\"name\":\"Aquajet\",\"url\":\"https:\/\/aquajet.se\/de\/\",\"logo\":{\"@type\":\"ImageObject\",\"inLanguage\":\"de-DE\",\"@id\":\"https:\/\/aquajet.se\/de\/#\/schema\/logo\/image\/\",\"url\":\"https:\/\/aquajet.se\/bed\/uploads\/2021\/11\/aquajet_logo-5.png\",\"contentUrl\":\"https:\/\/aquajet.se\/bed\/uploads\/2021\/11\/aquajet_logo-5.png\",\"width\":262,\"height\":35,\"caption\":\"Aquajet\"},\"image\":{\"@id\":\"https:\/\/aquajet.se\/de\/#\/schema\/logo\/image\/\"}}]}<\/script>\n<!-- \/ Yoast SEO Premium plugin. -->","yoast_head_json":{"title":"Hydrodemolition creates sustainable work","description":"Hydrodemolition by Aquajet is the sustainable way to protect and preserve concrete constructions.","robots":{"index":"index","follow":"follow","max-snippet":"max-snippet:-1","max-image-preview":"max-image-preview:large","max-video-preview":"max-video-preview:-1"},"canonical":"https:\/\/aquajet.se\/de\/solutions\/","og_locale":"de_DE","og_type":"article","og_title":"L\u00f6sungen","og_description":"Hydrodemolition by Aquajet is the sustainable way to protect and preserve concrete constructions.","og_url":"https:\/\/aquajet.se\/de\/solutions\/","og_site_name":"Aquajet","article_modified_time":"2023-06-26T09:38:36+00:00","twitter_card":"summary_large_image","twitter_misc":{"Est. reading time":"1 minute"},"schema":{"@context":"https:\/\/schema.org","@graph":[{"@type":"WebPage","@id":"https:\/\/aquajet.se\/de\/solutions\/","url":"https:\/\/aquajet.se\/de\/solutions\/","name":"Hydrodemolition creates sustainable work","isPartOf":{"@id":"https:\/\/aquajet.se\/de\/#website"},"datePublished":"2021-11-23T14:02:20+00:00","dateModified":"2023-06-26T09:38:36+00:00","description":"Hydrodemolition by Aquajet is the sustainable way to protect and preserve concrete constructions.","breadcrumb":{"@id":"https:\/\/aquajet.se\/de\/solutions\/#breadcrumb"},"inLanguage":"de-DE","potentialAction":[{"@type":"ReadAction","target":["https:\/\/aquajet.se\/de\/solutions\/"]}]},{"@type":"BreadcrumbList","@id":"https:\/\/aquajet.se\/de\/solutions\/#breadcrumb","itemListElement":[{"@type":"ListItem","position":1,"name":"Hem","item":"https:\/\/aquajet.se\/de\/"},{"@type":"ListItem","position":2,"name":"L\u00f6sungen"}]},{"@type":"WebSite","@id":"https:\/\/aquajet.se\/de\/#website","url":"https:\/\/aquajet.se\/de\/","name":"Aquajet","description":"Proven Hydrodemolition Equipment","publisher":{"@id":"https:\/\/aquajet.se\/de\/#organization"},"potentialAction":[{"@type":"SearchAction","target":{"@type":"EntryPoint","urlTemplate":"https:\/\/aquajet.se\/de\/?s={search_term_string}"},"query-input":{"@type":"PropertyValueSpecification","valueRequired":true,"valueName":"search_term_string"}}],"inLanguage":"de-DE"},{"@type":"Organization","@id":"https:\/\/aquajet.se\/de\/#organization","name":"Aquajet","url":"https:\/\/aquajet.se\/de\/","logo":{"@type":"ImageObject","inLanguage":"de-DE","@id":"https:\/\/aquajet.se\/de\/#\/schema\/logo\/image\/","url":"https:\/\/aquajet.se\/bed\/uploads\/2021\/11\/aquajet_logo-5.png","contentUrl":"https:\/\/aquajet.se\/bed\/uploads\/2021\/11\/aquajet_logo-5.png","width":262,"height":35,"caption":"Aquajet"},"image":{"@id":"https:\/\/aquajet.se\/de\/#\/schema\/logo\/image\/"}}]}},"_links":{"self":[{"href":"https:\/\/aquajet.se\/de\/wp-json\/wp\/v2\/pages\/28382","targetHints":{"allow":["GET"]}}],"collection":[{"href":"https:\/\/aquajet.se\/de\/wp-json\/wp\/v2\/pages"}],"about":[{"href":"https:\/\/aquajet.se\/de\/wp-json\/wp\/v2\/types\/page"}],"author":[{"embeddable":true,"href":"https:\/\/aquajet.se\/de\/wp-json\/wp\/v2\/users\/4"}],"replies":[{"embeddable":true,"href":"https:\/\/aquajet.se\/de\/wp-json\/wp\/v2\/comments?post=28382"}],"version-history":[{"count":10,"href":"https:\/\/aquajet.se\/de\/wp-json\/wp\/v2\/pages\/28382\/revisions"}],"predecessor-version":[{"id":29155,"href":"https:\/\/aquajet.se\/de\/wp-json\/wp\/v2\/pages\/28382\/revisions\/29155"}],"wp:attachment":[{"href":"https:\/\/aquajet.se\/de\/wp-json\/wp\/v2\/media?parent=28382"}],"curies":[{"name":"wp","href":"https:\/\/api.w.org\/{rel}","templated":true}]}}