{"id":28386,"date":"2021-12-01T16:16:57","date_gmt":"2021-12-01T15:16:57","guid":{"rendered":"https:\/\/aquajet.se\/testimonials\/"},"modified":"2023-05-30T09:22:16","modified_gmt":"2023-05-30T07:22:16","slug":"testimonials","status":"publish","type":"page","link":"https:\/\/aquajet.se\/de\/testimonials\/","title":{"rendered":"Erfahrungsberichte"},"content":{"rendered":"\n<h1 class=\"wp-block-heading\">Verlassen Sie sich nicht nur auf unser Wort &#8211; vertrauen Sie auf unsere Kunden<\/h1>\n\n\n\n<p class=\"has-medium-font-size\">Wir bieten Spitzentechnologie f\u00fcr die schwierigsten Aufgaben. Sehen Sie sich einige unserer Kundenberichte \u00fcber ihre Erfahrungen mit Aquajet und unseren Ger\u00e4ten an. Lassen Sie sich inspirieren!&nbsp;<\/p>\n","protected":false},"excerpt":{"rendered":"<p>Verlassen Sie sich nicht nur auf unser Wort &#8211; vertrauen Sie auf unsere Kunden Wir bieten Spitzentechnologie f\u00fcr die schwierigsten Aufgaben. Sehen Sie sich einige unserer Kundenberichte \u00fcber ihre Erfahrungen mit Aquajet und unseren Ger\u00e4ten an. Lassen Sie sich inspirieren!&nbsp;<\/p>\n","protected":false},"author":4,"featured_media":0,"parent":0,"menu_order":97,"comment_status":"closed","ping_status":"closed","template":"page_archive_testiomonials.php","meta":{"_acf_changed":false,"inline_featured_image":false,"footnotes":""},"class_list":["post-28386","page","type-page","status-publish","hentry"],"acf":[],"yoast_head":"<!-- This site is optimized with the Yoast SEO Premium plugin v26.2 (Yoast SEO v27.3) - https:\/\/yoast.com\/product\/yoast-seo-premium-wordpress\/ -->\n<title>Get inspired with Aquajet customers<\/title>\n<meta name=\"description\" content=\"View some of Aquajets customer testimonials about their experience. Read about what Aquajet has meant for most major projects.\" \/>\n<meta name=\"robots\" content=\"index, follow, max-snippet:-1, max-image-preview:large, max-video-preview:-1\" \/>\n<link rel=\"canonical\" href=\"https:\/\/aquajet.se\/de\/testimonials\/\" \/>\n<meta property=\"og:locale\" content=\"de_DE\" \/>\n<meta property=\"og:type\" content=\"article\" \/>\n<meta property=\"og:title\" content=\"Erfahrungsberichte\" \/>\n<meta property=\"og:description\" content=\"View some of Aquajets customer testimonials about their experience. Read about what Aquajet has meant for most major projects.\" \/>\n<meta property=\"og:url\" content=\"https:\/\/aquajet.se\/de\/testimonials\/\" \/>\n<meta property=\"og:site_name\" content=\"Aquajet\" \/>\n<meta property=\"article:modified_time\" content=\"2023-05-30T07:22:16+00:00\" \/>\n<meta name=\"twitter:card\" content=\"summary_large_image\" \/>\n<meta name=\"twitter:label1\" content=\"Est. reading time\" \/>\n\t<meta name=\"twitter:data1\" content=\"1 minute\" \/>\n<script type=\"application\/ld+json\" class=\"yoast-schema-graph\">{\"@context\":\"https:\\\/\\\/schema.org\",\"@graph\":[{\"@type\":\"WebPage\",\"@id\":\"https:\\\/\\\/aquajet.se\\\/de\\\/testimonials\\\/\",\"url\":\"https:\\\/\\\/aquajet.se\\\/de\\\/testimonials\\\/\",\"name\":\"Get inspired with Aquajet customers\",\"isPartOf\":{\"@id\":\"https:\\\/\\\/aquajet.se\\\/de\\\/#website\"},\"datePublished\":\"2021-12-01T15:16:57+00:00\",\"dateModified\":\"2023-05-30T07:22:16+00:00\",\"description\":\"View some of Aquajets customer testimonials about their experience. Read about what Aquajet has meant for most major projects.\",\"breadcrumb\":{\"@id\":\"https:\\\/\\\/aquajet.se\\\/de\\\/testimonials\\\/#breadcrumb\"},\"inLanguage\":\"de-DE\",\"potentialAction\":[{\"@type\":\"ReadAction\",\"target\":[\"https:\\\/\\\/aquajet.se\\\/de\\\/testimonials\\\/\"]}]},{\"@type\":\"BreadcrumbList\",\"@id\":\"https:\\\/\\\/aquajet.se\\\/de\\\/testimonials\\\/#breadcrumb\",\"itemListElement\":[{\"@type\":\"ListItem\",\"position\":1,\"name\":\"Hem\",\"item\":\"https:\\\/\\\/aquajet.se\\\/de\\\/\"},{\"@type\":\"ListItem\",\"position\":2,\"name\":\"Erfahrungsberichte\"}]},{\"@type\":\"WebSite\",\"@id\":\"https:\\\/\\\/aquajet.se\\\/de\\\/#website\",\"url\":\"https:\\\/\\\/aquajet.se\\\/de\\\/\",\"name\":\"Aquajet\",\"description\":\"Proven Hydrodemolition Equipment\",\"publisher\":{\"@id\":\"https:\\\/\\\/aquajet.se\\\/de\\\/#organization\"},\"potentialAction\":[{\"@type\":\"SearchAction\",\"target\":{\"@type\":\"EntryPoint\",\"urlTemplate\":\"https:\\\/\\\/aquajet.se\\\/de\\\/?s={search_term_string}\"},\"query-input\":{\"@type\":\"PropertyValueSpecification\",\"valueRequired\":true,\"valueName\":\"search_term_string\"}}],\"inLanguage\":\"de-DE\"},{\"@type\":\"Organization\",\"@id\":\"https:\\\/\\\/aquajet.se\\\/de\\\/#organization\",\"name\":\"Aquajet\",\"url\":\"https:\\\/\\\/aquajet.se\\\/de\\\/\",\"logo\":{\"@type\":\"ImageObject\",\"inLanguage\":\"de-DE\",\"@id\":\"https:\\\/\\\/aquajet.se\\\/de\\\/#\\\/schema\\\/logo\\\/image\\\/\",\"url\":\"https:\\\/\\\/aquajet.se\\\/bed\\\/uploads\\\/2021\\\/11\\\/aquajet_logo-5.png\",\"contentUrl\":\"https:\\\/\\\/aquajet.se\\\/bed\\\/uploads\\\/2021\\\/11\\\/aquajet_logo-5.png\",\"width\":262,\"height\":35,\"caption\":\"Aquajet\"},\"image\":{\"@id\":\"https:\\\/\\\/aquajet.se\\\/de\\\/#\\\/schema\\\/logo\\\/image\\\/\"}}]}<\/script>\n<!-- \/ Yoast SEO Premium plugin. -->","yoast_head_json":{"title":"Get inspired with Aquajet customers","description":"View some of Aquajets customer testimonials about their experience. Read about what Aquajet has meant for most major projects.","robots":{"index":"index","follow":"follow","max-snippet":"max-snippet:-1","max-image-preview":"max-image-preview:large","max-video-preview":"max-video-preview:-1"},"canonical":"https:\/\/aquajet.se\/de\/testimonials\/","og_locale":"de_DE","og_type":"article","og_title":"Erfahrungsberichte","og_description":"View some of Aquajets customer testimonials about their experience. Read about what Aquajet has meant for most major projects.","og_url":"https:\/\/aquajet.se\/de\/testimonials\/","og_site_name":"Aquajet","article_modified_time":"2023-05-30T07:22:16+00:00","twitter_card":"summary_large_image","twitter_misc":{"Est. reading time":"1 minute"},"schema":{"@context":"https:\/\/schema.org","@graph":[{"@type":"WebPage","@id":"https:\/\/aquajet.se\/de\/testimonials\/","url":"https:\/\/aquajet.se\/de\/testimonials\/","name":"Get inspired with Aquajet customers","isPartOf":{"@id":"https:\/\/aquajet.se\/de\/#website"},"datePublished":"2021-12-01T15:16:57+00:00","dateModified":"2023-05-30T07:22:16+00:00","description":"View some of Aquajets customer testimonials about their experience. Read about what Aquajet has meant for most major projects.","breadcrumb":{"@id":"https:\/\/aquajet.se\/de\/testimonials\/#breadcrumb"},"inLanguage":"de-DE","potentialAction":[{"@type":"ReadAction","target":["https:\/\/aquajet.se\/de\/testimonials\/"]}]},{"@type":"BreadcrumbList","@id":"https:\/\/aquajet.se\/de\/testimonials\/#breadcrumb","itemListElement":[{"@type":"ListItem","position":1,"name":"Hem","item":"https:\/\/aquajet.se\/de\/"},{"@type":"ListItem","position":2,"name":"Erfahrungsberichte"}]},{"@type":"WebSite","@id":"https:\/\/aquajet.se\/de\/#website","url":"https:\/\/aquajet.se\/de\/","name":"Aquajet","description":"Proven Hydrodemolition Equipment","publisher":{"@id":"https:\/\/aquajet.se\/de\/#organization"},"potentialAction":[{"@type":"SearchAction","target":{"@type":"EntryPoint","urlTemplate":"https:\/\/aquajet.se\/de\/?s={search_term_string}"},"query-input":{"@type":"PropertyValueSpecification","valueRequired":true,"valueName":"search_term_string"}}],"inLanguage":"de-DE"},{"@type":"Organization","@id":"https:\/\/aquajet.se\/de\/#organization","name":"Aquajet","url":"https:\/\/aquajet.se\/de\/","logo":{"@type":"ImageObject","inLanguage":"de-DE","@id":"https:\/\/aquajet.se\/de\/#\/schema\/logo\/image\/","url":"https:\/\/aquajet.se\/bed\/uploads\/2021\/11\/aquajet_logo-5.png","contentUrl":"https:\/\/aquajet.se\/bed\/uploads\/2021\/11\/aquajet_logo-5.png","width":262,"height":35,"caption":"Aquajet"},"image":{"@id":"https:\/\/aquajet.se\/de\/#\/schema\/logo\/image\/"}}]}},"_links":{"self":[{"href":"https:\/\/aquajet.se\/de\/wp-json\/wp\/v2\/pages\/28386","targetHints":{"allow":["GET"]}}],"collection":[{"href":"https:\/\/aquajet.se\/de\/wp-json\/wp\/v2\/pages"}],"about":[{"href":"https:\/\/aquajet.se\/de\/wp-json\/wp\/v2\/types\/page"}],"author":[{"embeddable":true,"href":"https:\/\/aquajet.se\/de\/wp-json\/wp\/v2\/users\/4"}],"replies":[{"embeddable":true,"href":"https:\/\/aquajet.se\/de\/wp-json\/wp\/v2\/comments?post=28386"}],"version-history":[{"count":3,"href":"https:\/\/aquajet.se\/de\/wp-json\/wp\/v2\/pages\/28386\/revisions"}],"predecessor-version":[{"id":28818,"href":"https:\/\/aquajet.se\/de\/wp-json\/wp\/v2\/pages\/28386\/revisions\/28818"}],"wp:attachment":[{"href":"https:\/\/aquajet.se\/de\/wp-json\/wp\/v2\/media?parent=28386"}],"curies":[{"name":"wp","href":"https:\/\/api.w.org\/{rel}","templated":true}]}}