{"id":28390,"date":"2021-12-01T16:17:39","date_gmt":"2021-12-01T15:17:39","guid":{"rendered":"https:\/\/aquajet.se\/we-are-aquajet\/"},"modified":"2023-05-30T09:23:10","modified_gmt":"2023-05-30T07:23:10","slug":"we-are-aquajet","status":"publish","type":"page","link":"https:\/\/aquajet.se\/de\/we-are-aquajet\/","title":{"rendered":"Wir sind Aquajet"},"content":{"rendered":"\n<h1 class=\"wp-block-heading\">Wir sind Aquajet<\/h1>\n\n\n\n<p>Seit unserer Gr\u00fcndung im Jahr 1988 haben wir uns einer einzigen Sache verschrieben &#8211; der Herstellung der besten auf dem Markt erh\u00e4ltlichen Ger\u00e4te zur Hochdruckwasserstrahltechnik. Wir erreichen dies jeden Tag durch unser Engagement, die hauseigene Konstruktion und kontinuierliche Entwicklung. Diese Faktoren machen unsere Produkte und L\u00f6sungen effizienter, produktiver, robuster und umweltfreundlicher. Wir sind stolz auf das, was wir tun &#8211; von der allerersten Skizze einer neuen Funktion oder eines neuen Produkts bis hin zur Verwaltung der Lieferkette und des anschlie\u00dfenden Kundendienstes.<\/p>\n\n\n\n<p>An unserem Hauptsitz in Holsbybrunn, Schweden, halten wir die Dinge einfach. Unser Motto ist es, unsere Design- und Produktionsf\u00e4higkeiten auf jede erdenkliche Weise zu erhalten. Wir werden unsere Gesch\u00e4ftst\u00e4tigkeit fortsetzen und geografisch expandieren, die Technologie verbessern und gleichzeitig allen unseren Kunden erstklassige Qualit\u00e4t bieten. Ihr Produkt soll immer p\u00fcnktlich geliefert werden, aber vor allem soll es Ihren Alltag einfacher und effizienter machen.<\/p>\n\n\n\n<div style=\"height:45px\" aria-hidden=\"true\" class=\"wp-block-spacer\"><\/div>\n\n\n\n<figure class=\"wp-block-image size-full\"><img loading=\"lazy\" decoding=\"async\" width=\"709\" height=\"266\" src=\"https:\/\/aquajet.se\/bed\/uploads\/2022\/11\/we-are-aquajet-1.jpg\" alt=\"\" class=\"wp-image-16726\" srcset=\"https:\/\/aquajet.se\/bed\/uploads\/2022\/11\/we-are-aquajet-1.jpg 709w, https:\/\/aquajet.se\/bed\/uploads\/2022\/11\/we-are-aquajet-1-300x113.jpg 300w, https:\/\/aquajet.se\/bed\/uploads\/2022\/11\/we-are-aquajet-1-660x248.jpg 660w\" sizes=\"auto, (max-width: 709px) 100vw, 709px\" \/><\/figure>\n\n\n\n<div style=\"height:6px\" aria-hidden=\"true\" class=\"wp-block-spacer\"><\/div>\n\n\n<div id=\"textcolumn-block_ac63d2f4f0226713254e215c309117aa\" class=\"textcolumn\">\n    <div class=\"max_width_content\">\n        <div class=\"textcolumn-textcolumns\" data-aos=\"fade\" data-aos-duration=\"1800\">\n            <div class=\"textcolumn-header\"><h2>Gro\u00dfartige Leistung und eine gro\u00dfe Verantwortung<\/h2>\n<\/div>\n            <div class=\"textcolumn-textarea\">\n                <p>Aquajet ist seit den achtziger Jahren der f\u00fchrende Erfinder und Anbieter der Technologie f\u00fcr Hochdruckwasserstrahltechnik. Seitdem sind wir bestrebt, die Branche mit den besten Ger\u00e4ten auf dem Markt zu versorgen. Mit der Hilfe unserer Kunden verbessern wir kontinuierlich unsere Produkte und L\u00f6sungen. Wir k\u00f6nnen nur behaupten, die Besten in diesem Gesch\u00e4ft zu sein. Wie die Realit\u00e4t aussieht, m\u00fcssen Sie selbst entscheiden.<\/p>\n<p>Kontinuierliche Produktentwicklung und strenge Tests sind der Schl\u00fcssel, um ein zuverl\u00e4ssiger Lieferant von erstklassigen Maschinen zu werden. Mit Design, Konstruktion und Fertigung durch unser eigenes Ingenieurteam behalten wir die volle Kontrolle \u00fcber unsere Forschung und Entwicklung. Indem wir mit unseren erfahrenen Kunden zusammenarbeiten, ihnen zuh\u00f6ren, sie beraten und auf die Bed\u00fcrfnisse des Marktes eingehen, ist es uns gelungen, die effizientesten und kosteng\u00fcnstigsten Hochdruckwasserstrahlger\u00e4te auf dem Markt zu entwickeln.<\/p>\n<p>Alle Aqua Cutter Roboter, Schienensysteme und Zubeh\u00f6rteile sind speziell f\u00fcr den vorgesehenen Zweck entwickelt worden. Wir machen keine halben Sachen oder verwenden gesch\u00fctzte Einheiten als Grundlage f\u00fcr das Design oder die Konstruktion. Von der ersten Zeile auf unseren hochmodernen CAD-Zeichensystemen an wird jedes Merkmal und jedes Detail kundenspezifisch entwickelt, um die hohen Erwartungen unserer Kunden an Effizienz, Funktion, Produktivit\u00e4t und Zuverl\u00e4ssigkeit der Ger\u00e4te zu erf\u00fcllen.<\/p>\n<p>&nbsp;<\/p>\n            <\/div>\n        <\/div>\n    <\/div>\n<\/div>\n\n\n<hr class=\"wp-block-separator has-css-opacity is-style-wide\"\/>\n\n\n\n<figure class=\"wp-block-image size-full\"><img loading=\"lazy\" decoding=\"async\" width=\"709\" height=\"266\" src=\"https:\/\/aquajet.se\/bed\/uploads\/2022\/11\/we-are-aquajet-4.jpg\" alt=\"\" class=\"wp-image-16728\" srcset=\"https:\/\/aquajet.se\/bed\/uploads\/2022\/11\/we-are-aquajet-4.jpg 709w, https:\/\/aquajet.se\/bed\/uploads\/2022\/11\/we-are-aquajet-4-300x113.jpg 300w, https:\/\/aquajet.se\/bed\/uploads\/2022\/11\/we-are-aquajet-4-660x248.jpg 660w\" sizes=\"auto, (max-width: 709px) 100vw, 709px\" \/><\/figure>\n\n\n\n<div style=\"height:6px\" aria-hidden=\"true\" class=\"wp-block-spacer\"><\/div>\n\n\n<div id=\"textcolumn-block_2d0b19a99e1d888e97e607c4d056e588\" class=\"textcolumn\">\n    <div class=\"max_width_content\">\n        <div class=\"textcolumn-textcolumns\" data-aos=\"fade\" data-aos-duration=\"1800\">\n            <div class=\"textcolumn-header\"><h2><strong>Qualit\u00e4tstests auf sichere Art und Weise<\/strong><\/h2>\n<\/div>\n            <div class=\"textcolumn-textarea\">\n                <p>Unsere Politik und Pflicht ist es, hohe Qualit\u00e4t, Flexibilit\u00e4t und erstklassigen Service zu bieten. Aber ein gleichbleibend hohes Qualit\u00e4tsniveau reicht uns nicht aus. Jede einzelne Maschine, die unser Werk verl\u00e4sst, wurde von uns einem umfangreichen und individuellen Funktions- und Qualit\u00e4tstest unterzogen. Au\u00dferdem wird jedes neue Produkt vor seiner Markteinf\u00fchrung umfangreichen Praxistests unterzogen. Als Kunde erhalten Sie immer eine Dokumentation f\u00fcr jede Einheit, in welcher der Test im Detail beschrieben ist.<\/p>\n<p>Wir erf\u00fcllen seit 1998 die ISO 9001-Zertifizierung von Lloyds Register. Damals waren wir der erste Hersteller von Ger\u00e4ten f\u00fcr die Hochdruckwasserstrahltechnik weltweit, der diese Zulassung erhielt.<\/p>\n<p>Heute ist es die Version ISO 9001:2008. Mit der j\u00e4hrlichen Kontrolle und Pr\u00fcfung durch Lloyds Register wird uns bescheinigt, dass wir den neuesten Empfehlungen und Vorschriften f\u00fcr die Konstruktion und Produktion hochwertiger Maschinen entsprechen.<\/p>\n<p>Das CE-Zeichen auf unseren Ger\u00e4ten bedeutet, dass sie in \u00dcbereinstimmung mit den europ\u00e4ischen Vorschriften f\u00fcr Maschinen und Anlagen entwickelt und hergestellt wurden. Wir haben uns seit dem Inkrafttreten dieser Verordnung daf\u00fcr eingesetzt, dass dies unsere Mindestanforderung an die Ausr\u00fcstung ist.<\/p>\n            <\/div>\n        <\/div>\n    <\/div>\n<\/div>\n\n\n<hr class=\"wp-block-separator has-css-opacity is-style-wide\"\/>\n\n\n\n<figure class=\"wp-block-image size-full\"><img loading=\"lazy\" decoding=\"async\" width=\"709\" height=\"266\" src=\"https:\/\/aquajet.se\/bed\/uploads\/2022\/11\/we-are-aquajet-3.jpg\" alt=\"\" class=\"wp-image-16731\" srcset=\"https:\/\/aquajet.se\/bed\/uploads\/2022\/11\/we-are-aquajet-3.jpg 709w, https:\/\/aquajet.se\/bed\/uploads\/2022\/11\/we-are-aquajet-3-300x113.jpg 300w, https:\/\/aquajet.se\/bed\/uploads\/2022\/11\/we-are-aquajet-3-660x248.jpg 660w\" sizes=\"auto, (max-width: 709px) 100vw, 709px\" \/><\/figure>\n\n\n\n<div style=\"height:6px\" aria-hidden=\"true\" class=\"wp-block-spacer\"><\/div>\n\n\n<div id=\"textcolumn-block_04c02222ffc4273ee0de33ec135cf897\" class=\"textcolumn\">\n    <div class=\"max_width_content\">\n        <div class=\"textcolumn-textcolumns\" data-aos=\"fade\" data-aos-duration=\"1800\">\n            <div class=\"textcolumn-header\"><h2><strong>Ein kontrollierter Prozess<\/strong><\/h2>\n<\/div>\n            <div class=\"textcolumn-textarea\">\n                <p>Wir montieren alle unsere Produkte im eigenen Haus in Schweden. Dar\u00fcber hinaus werden alle Leistungs- und Auslieferungstests in unseren Einrichtungen in Holsbybrunn durchgef\u00fchrt. Unsere qualifizierten und erfahrenen Ingenieure sind stolz auf ihre Arbeit und gemeinsam machen sie Aquajet Systems zum Branchenf\u00fchrer.<\/p>\n<p>Unsere flexiblen und aufr\u00fcstbaren Aqua Cutter Roboter wurden f\u00fcr alle Arten von Anwendungen entwickelt, ob mit Diesel- oder Elektroantrieb. Mit unserem umfangreichen Zubeh\u00f6rsortiment, wie z. B. Rotolance oder kreisf\u00f6rmigen Antriebsk\u00f6pfen, finden Sie garantiert eine L\u00f6sung f\u00fcr jede Anforderung im Bereich Hochdruckwasserstrahltechnik. Unser Ziel und unsere Politik ist es, bei allem, was wir tun, hohe Qualit\u00e4t, unvergleichliche Flexibilit\u00e4t und hervorragenden Service zu bieten. Unsere Mitarbeiter und Kooperationspartner sind sich dieser Verpflichtung stets bewusst, um unseren Kunden die gleichen Werte zu bieten. In der Praxis bedeutet dies Projektunterst\u00fctzung, hochwertige Ersatzteile und Kundendienst, wann und wo immer Sie ihn ben\u00f6tigen. Unser Ersatzteillager erm\u00f6glicht eine prompte Lieferung innerhalb von 24 Stunden zu Ihrem Einsatzort.<\/p>\n            <\/div>\n        <\/div>\n    <\/div>\n<\/div>\n\n\n<div style=\"height:68px\" aria-hidden=\"true\" class=\"wp-block-spacer\"><\/div>\n","protected":false},"excerpt":{"rendered":"<p>Wir sind Aquajet Seit unserer Gr\u00fcndung im Jahr 1988 haben wir uns einer einzigen Sache verschrieben &#8211; der Herstellung der besten auf dem Markt erh\u00e4ltlichen Ger\u00e4te zur Hochdruckwasserstrahltechnik. Wir erreichen dies jeden Tag durch unser Engagement, die hauseigene Konstruktion und kontinuierliche Entwicklung. Diese Faktoren machen unsere Produkte und L\u00f6sungen effizienter, produktiver, robuster und umweltfreundlicher. Wir [&hellip;]<\/p>\n","protected":false},"author":4,"featured_media":0,"parent":0,"menu_order":101,"comment_status":"closed","ping_status":"closed","template":"","meta":{"_acf_changed":false,"inline_featured_image":false,"footnotes":""},"class_list":["post-28390","page","type-page","status-publish","hentry"],"acf":[],"yoast_head":"<!-- This site is optimized with the Yoast SEO Premium plugin v26.2 (Yoast SEO v26.5) - https:\/\/yoast.com\/wordpress\/plugins\/seo\/ -->\n<title>The leading provider of hydrodemolition<\/title>\n<meta name=\"description\" content=\"Hydrodemolition is the theme of everything Aquajet does. This has been the case since the start in 1988.\" \/>\n<meta name=\"robots\" content=\"index, follow, max-snippet:-1, max-image-preview:large, max-video-preview:-1\" \/>\n<link rel=\"canonical\" href=\"https:\/\/aquajet.se\/de\/we-are-aquajet\/\" \/>\n<meta property=\"og:locale\" content=\"de_DE\" \/>\n<meta property=\"og:type\" content=\"article\" \/>\n<meta property=\"og:title\" content=\"Wir sind Aquajet\" \/>\n<meta property=\"og:description\" content=\"Hydrodemolition is the theme of everything Aquajet does. This has been the case since the start in 1988.\" \/>\n<meta property=\"og:url\" content=\"https:\/\/aquajet.se\/de\/we-are-aquajet\/\" \/>\n<meta property=\"og:site_name\" content=\"Aquajet\" \/>\n<meta property=\"article:modified_time\" content=\"2023-05-30T07:23:10+00:00\" \/>\n<meta property=\"og:image\" content=\"https:\/\/aquajet.se\/wp-content\/uploads\/2022\/11\/we-are-aquajet-1.jpg\" \/>\n<meta name=\"twitter:card\" content=\"summary_large_image\" \/>\n<meta name=\"twitter:label1\" content=\"Est. reading time\" \/>\n\t<meta name=\"twitter:data1\" content=\"2 minutes\" \/>\n<script type=\"application\/ld+json\" class=\"yoast-schema-graph\">{\"@context\":\"https:\/\/schema.org\",\"@graph\":[{\"@type\":\"WebPage\",\"@id\":\"https:\/\/aquajet.se\/de\/we-are-aquajet\/\",\"url\":\"https:\/\/aquajet.se\/de\/we-are-aquajet\/\",\"name\":\"The leading provider of hydrodemolition\",\"isPartOf\":{\"@id\":\"https:\/\/aquajet.se\/de\/#website\"},\"primaryImageOfPage\":{\"@id\":\"https:\/\/aquajet.se\/de\/we-are-aquajet\/#primaryimage\"},\"image\":{\"@id\":\"https:\/\/aquajet.se\/de\/we-are-aquajet\/#primaryimage\"},\"thumbnailUrl\":\"https:\/\/aquajet.se\/bed\/uploads\/2022\/11\/we-are-aquajet-1.jpg\",\"datePublished\":\"2021-12-01T15:17:39+00:00\",\"dateModified\":\"2023-05-30T07:23:10+00:00\",\"description\":\"Hydrodemolition is the theme of everything Aquajet does. This has been the case since the start in 1988.\",\"breadcrumb\":{\"@id\":\"https:\/\/aquajet.se\/de\/we-are-aquajet\/#breadcrumb\"},\"inLanguage\":\"de-DE\",\"potentialAction\":[{\"@type\":\"ReadAction\",\"target\":[\"https:\/\/aquajet.se\/de\/we-are-aquajet\/\"]}]},{\"@type\":\"ImageObject\",\"inLanguage\":\"de-DE\",\"@id\":\"https:\/\/aquajet.se\/de\/we-are-aquajet\/#primaryimage\",\"url\":\"https:\/\/aquajet.se\/bed\/uploads\/2022\/11\/we-are-aquajet-1.jpg\",\"contentUrl\":\"https:\/\/aquajet.se\/bed\/uploads\/2022\/11\/we-are-aquajet-1.jpg\"},{\"@type\":\"BreadcrumbList\",\"@id\":\"https:\/\/aquajet.se\/de\/we-are-aquajet\/#breadcrumb\",\"itemListElement\":[{\"@type\":\"ListItem\",\"position\":1,\"name\":\"Hem\",\"item\":\"https:\/\/aquajet.se\/de\/\"},{\"@type\":\"ListItem\",\"position\":2,\"name\":\"Wir sind Aquajet\"}]},{\"@type\":\"WebSite\",\"@id\":\"https:\/\/aquajet.se\/de\/#website\",\"url\":\"https:\/\/aquajet.se\/de\/\",\"name\":\"Aquajet\",\"description\":\"Proven Hydrodemolition Equipment\",\"publisher\":{\"@id\":\"https:\/\/aquajet.se\/de\/#organization\"},\"potentialAction\":[{\"@type\":\"SearchAction\",\"target\":{\"@type\":\"EntryPoint\",\"urlTemplate\":\"https:\/\/aquajet.se\/de\/?s={search_term_string}\"},\"query-input\":{\"@type\":\"PropertyValueSpecification\",\"valueRequired\":true,\"valueName\":\"search_term_string\"}}],\"inLanguage\":\"de-DE\"},{\"@type\":\"Organization\",\"@id\":\"https:\/\/aquajet.se\/de\/#organization\",\"name\":\"Aquajet\",\"url\":\"https:\/\/aquajet.se\/de\/\",\"logo\":{\"@type\":\"ImageObject\",\"inLanguage\":\"de-DE\",\"@id\":\"https:\/\/aquajet.se\/de\/#\/schema\/logo\/image\/\",\"url\":\"https:\/\/aquajet.se\/bed\/uploads\/2021\/11\/aquajet_logo-5.png\",\"contentUrl\":\"https:\/\/aquajet.se\/bed\/uploads\/2021\/11\/aquajet_logo-5.png\",\"width\":262,\"height\":35,\"caption\":\"Aquajet\"},\"image\":{\"@id\":\"https:\/\/aquajet.se\/de\/#\/schema\/logo\/image\/\"}}]}<\/script>\n<!-- \/ Yoast SEO Premium plugin. -->","yoast_head_json":{"title":"The leading provider of hydrodemolition","description":"Hydrodemolition is the theme of everything Aquajet does. This has been the case since the start in 1988.","robots":{"index":"index","follow":"follow","max-snippet":"max-snippet:-1","max-image-preview":"max-image-preview:large","max-video-preview":"max-video-preview:-1"},"canonical":"https:\/\/aquajet.se\/de\/we-are-aquajet\/","og_locale":"de_DE","og_type":"article","og_title":"Wir sind Aquajet","og_description":"Hydrodemolition is the theme of everything Aquajet does. This has been the case since the start in 1988.","og_url":"https:\/\/aquajet.se\/de\/we-are-aquajet\/","og_site_name":"Aquajet","article_modified_time":"2023-05-30T07:23:10+00:00","og_image":[{"url":"https:\/\/aquajet.se\/wp-content\/uploads\/2022\/11\/we-are-aquajet-1.jpg","type":"","width":"","height":""}],"twitter_card":"summary_large_image","twitter_misc":{"Est. reading time":"2 minutes"},"schema":{"@context":"https:\/\/schema.org","@graph":[{"@type":"WebPage","@id":"https:\/\/aquajet.se\/de\/we-are-aquajet\/","url":"https:\/\/aquajet.se\/de\/we-are-aquajet\/","name":"The leading provider of hydrodemolition","isPartOf":{"@id":"https:\/\/aquajet.se\/de\/#website"},"primaryImageOfPage":{"@id":"https:\/\/aquajet.se\/de\/we-are-aquajet\/#primaryimage"},"image":{"@id":"https:\/\/aquajet.se\/de\/we-are-aquajet\/#primaryimage"},"thumbnailUrl":"https:\/\/aquajet.se\/bed\/uploads\/2022\/11\/we-are-aquajet-1.jpg","datePublished":"2021-12-01T15:17:39+00:00","dateModified":"2023-05-30T07:23:10+00:00","description":"Hydrodemolition is the theme of everything Aquajet does. This has been the case since the start in 1988.","breadcrumb":{"@id":"https:\/\/aquajet.se\/de\/we-are-aquajet\/#breadcrumb"},"inLanguage":"de-DE","potentialAction":[{"@type":"ReadAction","target":["https:\/\/aquajet.se\/de\/we-are-aquajet\/"]}]},{"@type":"ImageObject","inLanguage":"de-DE","@id":"https:\/\/aquajet.se\/de\/we-are-aquajet\/#primaryimage","url":"https:\/\/aquajet.se\/bed\/uploads\/2022\/11\/we-are-aquajet-1.jpg","contentUrl":"https:\/\/aquajet.se\/bed\/uploads\/2022\/11\/we-are-aquajet-1.jpg"},{"@type":"BreadcrumbList","@id":"https:\/\/aquajet.se\/de\/we-are-aquajet\/#breadcrumb","itemListElement":[{"@type":"ListItem","position":1,"name":"Hem","item":"https:\/\/aquajet.se\/de\/"},{"@type":"ListItem","position":2,"name":"Wir sind Aquajet"}]},{"@type":"WebSite","@id":"https:\/\/aquajet.se\/de\/#website","url":"https:\/\/aquajet.se\/de\/","name":"Aquajet","description":"Proven Hydrodemolition Equipment","publisher":{"@id":"https:\/\/aquajet.se\/de\/#organization"},"potentialAction":[{"@type":"SearchAction","target":{"@type":"EntryPoint","urlTemplate":"https:\/\/aquajet.se\/de\/?s={search_term_string}"},"query-input":{"@type":"PropertyValueSpecification","valueRequired":true,"valueName":"search_term_string"}}],"inLanguage":"de-DE"},{"@type":"Organization","@id":"https:\/\/aquajet.se\/de\/#organization","name":"Aquajet","url":"https:\/\/aquajet.se\/de\/","logo":{"@type":"ImageObject","inLanguage":"de-DE","@id":"https:\/\/aquajet.se\/de\/#\/schema\/logo\/image\/","url":"https:\/\/aquajet.se\/bed\/uploads\/2021\/11\/aquajet_logo-5.png","contentUrl":"https:\/\/aquajet.se\/bed\/uploads\/2021\/11\/aquajet_logo-5.png","width":262,"height":35,"caption":"Aquajet"},"image":{"@id":"https:\/\/aquajet.se\/de\/#\/schema\/logo\/image\/"}}]}},"_links":{"self":[{"href":"https:\/\/aquajet.se\/de\/wp-json\/wp\/v2\/pages\/28390","targetHints":{"allow":["GET"]}}],"collection":[{"href":"https:\/\/aquajet.se\/de\/wp-json\/wp\/v2\/pages"}],"about":[{"href":"https:\/\/aquajet.se\/de\/wp-json\/wp\/v2\/types\/page"}],"author":[{"embeddable":true,"href":"https:\/\/aquajet.se\/de\/wp-json\/wp\/v2\/users\/4"}],"replies":[{"embeddable":true,"href":"https:\/\/aquajet.se\/de\/wp-json\/wp\/v2\/comments?post=28390"}],"version-history":[{"count":3,"href":"https:\/\/aquajet.se\/de\/wp-json\/wp\/v2\/pages\/28390\/revisions"}],"predecessor-version":[{"id":28819,"href":"https:\/\/aquajet.se\/de\/wp-json\/wp\/v2\/pages\/28390\/revisions\/28819"}],"wp:attachment":[{"href":"https:\/\/aquajet.se\/de\/wp-json\/wp\/v2\/media?parent=28390"}],"curies":[{"name":"wp","href":"https:\/\/api.w.org\/{rel}","templated":true}]}}